{"id":715,"date":"2017-02-14T16:27:44","date_gmt":"2017-02-14T15:27:44","guid":{"rendered":"http:\/\/eurowerkstatt-jena.de\/?page_id=715"},"modified":"2023-11-21T12:32:52","modified_gmt":"2023-11-21T11:32:52","slug":"beratung-und-bewerbung","status":"publish","type":"page","link":"https:\/\/eurowerkstatt-jena.de\/en\/sending\/beratung-und-bewerbung\/","title":{"rendered":"Counselling and application"},"content":{"rendered":"<p class=\"p1\">Du m\u00f6chtest ins Ausland gehen, wei\u00dft aber noch nicht genau wie oder brauchst Unterst\u00fctzung bei der Vorbereitung?<\/p>\n<p class=\"p1\"><strong>Wir k\u00f6nnen dir dabei helfen!<\/strong><\/p>\n<p class=\"p1\">Ruf uns an oder schreibe eine Email an<a href=\"mailto:post@eurowerkstatt-jena.de\"> post@eurowerkstatt-jena.de<\/a>, um an einem kostenlosen Beratungsgespr\u00e4ch teilzunehmen!<\/p>\n<p class=\"p1\">Wir k\u00f6nnen dich zu unterschiedlichen Programmen informieren und beraten, wie z.B. Europ\u00e4isches Solidarit\u00e4tskorps, weltw\u00e4rts, kulturweit, au pair, work and travel und Freiwilligendienste im In- und Ausland. Wir unterst\u00fctzen dich dabei, ein Programm zu finden das zu dir passt und bereiten dich auf deinen Auslandsaufenthalt vor!<\/p>","protected":false},"excerpt":{"rendered":"<p>We are an accredited sending organization and can happily provide you with advice and support in sending you to countries that are part of the ESC program.<\/p>","protected":false},"author":1,"featured_media":1614,"parent":102,"menu_order":2,"comment_status":"closed","ping_status":"closed","template":"page-templates\/grid-page.php","meta":{"give_campaign_id":0,"footnotes":""},"class_list":["post-715","page","type-page","status-publish","has-post-thumbnail","hentry"],"campaignId":"","_links":{"self":[{"href":"https:\/\/eurowerkstatt-jena.de\/en\/wp-json\/wp\/v2\/pages\/715","targetHints":{"allow":["GET"]}}],"collection":[{"href":"https:\/\/eurowerkstatt-jena.de\/en\/wp-json\/wp\/v2\/pages"}],"about":[{"href":"https:\/\/eurowerkstatt-jena.de\/en\/wp-json\/wp\/v2\/types\/page"}],"author":[{"embeddable":true,"href":"https:\/\/eurowerkstatt-jena.de\/en\/wp-json\/wp\/v2\/users\/1"}],"replies":[{"embeddable":true,"href":"https:\/\/eurowerkstatt-jena.de\/en\/wp-json\/wp\/v2\/comments?post=715"}],"version-history":[{"count":10,"href":"https:\/\/eurowerkstatt-jena.de\/en\/wp-json\/wp\/v2\/pages\/715\/revisions"}],"predecessor-version":[{"id":3818,"href":"https:\/\/eurowerkstatt-jena.de\/en\/wp-json\/wp\/v2\/pages\/715\/revisions\/3818"}],"up":[{"embeddable":true,"href":"https:\/\/eurowerkstatt-jena.de\/en\/wp-json\/wp\/v2\/pages\/102"}],"wp:featuredmedia":[{"embeddable":true,"href":"https:\/\/eurowerkstatt-jena.de\/en\/wp-json\/wp\/v2\/media\/1614"}],"wp:attachment":[{"href":"https:\/\/eurowerkstatt-jena.de\/en\/wp-json\/wp\/v2\/media?parent=715"}],"curies":[{"name":"wp","href":"https:\/\/api.w.org\/{rel}","templated":true}]}}