{"id":7,"date":"2017-01-05T15:24:05","date_gmt":"2017-01-05T14:24:05","guid":{"rendered":"http:\/\/eurowerkstatt-jena.de\/?page_id=7"},"modified":"2023-05-30T14:00:28","modified_gmt":"2023-05-30T12:00:28","slug":"startseite","status":"publish","type":"page","link":"https:\/\/eurowerkstatt-jena.de\/en\/","title":{"rendered":"HOME"},"content":{"rendered":"<p>Welcome to the Eurowerkstatt Jena Homepage!<\/p>\n\n\n\n<p>Eurowerkstatt Jena e.V. is a non-profit association that was established in 2006. We are active in the field of child and youth welfare and the international (youth) work of the city of Jena. The goal of our organisation is the creation of offers for young people to develop social and vocational abilities, particularly intercultural abilities. We want to sensitise young people to their possibilities and chances they have within Europe. It is very important for us to promote intercultural aspects in the children and youth work of Jena. We cooperate with other non-profit organisations, associations, kindergartens, youth centers and schools of the city. All our actions have the goal of promoting the idea of a united and peaceful Europe and understanding the variety of the European culture especially through and for young people who will build up the next generation.<\/p>\n\n\n\n<p>As a coordinating organisation within the EU-program <strong><span style=\"color: #008080;\"><a style=\"color: #008080;\" href=\"http:\/\/eurowerkstatt-jena.de\/en\/sending\/europaeischer-solidaritaetskorps\/\"><em>\u201eEurop\u00e4ischer Solidarit\u00e4tskorps\u201c<\/em> <\/a><\/span><\/strong>one of the biggest tasks of the Eurowerkstatt is to inform young people about this programme and to coordinate volunteers of the programme.  So we advise on the ESK, send young people from Jena to other European countries and, on the other hand, accept young people from different European countries as volunteers in Jena.<\/p>\n\n\n\n<figure class=\"wp-block-gallery has-nested-images columns-default is-cropped wp-block-gallery-1 is-layout-flex wp-block-gallery-is-layout-flex\">\n<figure class=\"wp-block-image size-large\"><img loading=\"lazy\" decoding=\"async\" width=\"886\" height=\"886\" data-id=\"2900\" src=\"http:\/\/eurowerkstatt-jena.de\/wp-content\/uploads\/2022\/01\/D80A8EE4-F9FD-42D9-A944-E17ECB9CABF2_1_105_c.jpeg\" alt=\"\" class=\"wp-image-2900\" srcset=\"https:\/\/eurowerkstatt-jena.de\/wp-content\/uploads\/2022\/01\/D80A8EE4-F9FD-42D9-A944-E17ECB9CABF2_1_105_c.jpeg 886w, https:\/\/eurowerkstatt-jena.de\/wp-content\/uploads\/2022\/01\/D80A8EE4-F9FD-42D9-A944-E17ECB9CABF2_1_105_c-300x300.jpeg 300w, https:\/\/eurowerkstatt-jena.de\/wp-content\/uploads\/2022\/01\/D80A8EE4-F9FD-42D9-A944-E17ECB9CABF2_1_105_c-150x150.jpeg 150w, https:\/\/eurowerkstatt-jena.de\/wp-content\/uploads\/2022\/01\/D80A8EE4-F9FD-42D9-A944-E17ECB9CABF2_1_105_c-768x768.jpeg 768w, https:\/\/eurowerkstatt-jena.de\/wp-content\/uploads\/2022\/01\/D80A8EE4-F9FD-42D9-A944-E17ECB9CABF2_1_105_c-90x90.jpeg 90w, https:\/\/eurowerkstatt-jena.de\/wp-content\/uploads\/2022\/01\/D80A8EE4-F9FD-42D9-A944-E17ECB9CABF2_1_105_c-380x380.jpeg 380w\" sizes=\"auto, (max-width: 709px) 85vw, (max-width: 909px) 67vw, (max-width: 1362px) 62vw, 840px\" \/><\/figure>\n\n\n\n<figure class=\"wp-block-image size-large\"><img loading=\"lazy\" decoding=\"async\" width=\"1024\" height=\"768\" data-id=\"2899\" src=\"http:\/\/eurowerkstatt-jena.de\/wp-content\/uploads\/2022\/01\/2ACECD5F-FEFA-453E-8806-B2DE5D8FC668_1_105_c.jpeg\" alt=\"\" class=\"wp-image-2899\" srcset=\"https:\/\/eurowerkstatt-jena.de\/wp-content\/uploads\/2022\/01\/2ACECD5F-FEFA-453E-8806-B2DE5D8FC668_1_105_c.jpeg 1024w, https:\/\/eurowerkstatt-jena.de\/wp-content\/uploads\/2022\/01\/2ACECD5F-FEFA-453E-8806-B2DE5D8FC668_1_105_c-300x225.jpeg 300w, https:\/\/eurowerkstatt-jena.de\/wp-content\/uploads\/2022\/01\/2ACECD5F-FEFA-453E-8806-B2DE5D8FC668_1_105_c-768x576.jpeg 768w, https:\/\/eurowerkstatt-jena.de\/wp-content\/uploads\/2022\/01\/2ACECD5F-FEFA-453E-8806-B2DE5D8FC668_1_105_c-507x380.jpeg 507w\" sizes=\"auto, (max-width: 709px) 85vw, (max-width: 909px) 67vw, (max-width: 1362px) 62vw, 840px\" \/><\/figure>\n\n\n\n<figure class=\"wp-block-image size-large\"><img loading=\"lazy\" decoding=\"async\" width=\"1024\" height=\"683\" data-id=\"2784\" src=\"http:\/\/eurowerkstatt-jena.de\/wp-content\/uploads\/2021\/03\/98887964_3217447291620425_702621276274950144_o-1024x683.jpg\" alt=\"\" class=\"wp-image-2784\" srcset=\"https:\/\/eurowerkstatt-jena.de\/wp-content\/uploads\/2021\/03\/98887964_3217447291620425_702621276274950144_o-1024x683.jpg 1024w, https:\/\/eurowerkstatt-jena.de\/wp-content\/uploads\/2021\/03\/98887964_3217447291620425_702621276274950144_o-300x200.jpg 300w, https:\/\/eurowerkstatt-jena.de\/wp-content\/uploads\/2021\/03\/98887964_3217447291620425_702621276274950144_o-768x512.jpg 768w, https:\/\/eurowerkstatt-jena.de\/wp-content\/uploads\/2021\/03\/98887964_3217447291620425_702621276274950144_o-1536x1024.jpg 1536w, https:\/\/eurowerkstatt-jena.de\/wp-content\/uploads\/2021\/03\/98887964_3217447291620425_702621276274950144_o-570x380.jpg 570w, https:\/\/eurowerkstatt-jena.de\/wp-content\/uploads\/2021\/03\/98887964_3217447291620425_702621276274950144_o.jpg 2048w\" sizes=\"auto, (max-width: 709px) 85vw, (max-width: 909px) 67vw, (max-width: 1362px) 62vw, 840px\" \/><\/figure>\n\n\n\n<figure class=\"wp-block-image size-large\"><img loading=\"lazy\" decoding=\"async\" width=\"605\" height=\"403\" data-id=\"2400\" src=\"http:\/\/eurowerkstatt-jena.de\/wp-content\/uploads\/2020\/04\/grafik-17.png\" alt=\"\" class=\"wp-image-2400\" srcset=\"https:\/\/eurowerkstatt-jena.de\/wp-content\/uploads\/2020\/04\/grafik-17.png 605w, https:\/\/eurowerkstatt-jena.de\/wp-content\/uploads\/2020\/04\/grafik-17-300x200.png 300w, https:\/\/eurowerkstatt-jena.de\/wp-content\/uploads\/2020\/04\/grafik-17-570x380.png 570w\" sizes=\"auto, (max-width: 605px) 85vw, 605px\" \/><\/figure>\n\n\n\n<figure class=\"wp-block-image size-large\"><img loading=\"lazy\" decoding=\"async\" width=\"605\" height=\"402\" data-id=\"2399\" src=\"http:\/\/eurowerkstatt-jena.de\/wp-content\/uploads\/2020\/04\/grafik-16.png\" alt=\"\" class=\"wp-image-2399\" srcset=\"https:\/\/eurowerkstatt-jena.de\/wp-content\/uploads\/2020\/04\/grafik-16.png 605w, https:\/\/eurowerkstatt-jena.de\/wp-content\/uploads\/2020\/04\/grafik-16-300x199.png 300w, https:\/\/eurowerkstatt-jena.de\/wp-content\/uploads\/2020\/04\/grafik-16-572x380.png 572w\" sizes=\"auto, (max-width: 605px) 85vw, 605px\" \/><\/figure>\n\n\n\n<figure class=\"wp-block-image size-large\"><img loading=\"lazy\" decoding=\"async\" width=\"605\" height=\"340\" data-id=\"2398\" src=\"http:\/\/eurowerkstatt-jena.de\/wp-content\/uploads\/2020\/04\/grafik-15.png\" alt=\"\" class=\"wp-image-2398\" srcset=\"https:\/\/eurowerkstatt-jena.de\/wp-content\/uploads\/2020\/04\/grafik-15.png 605w, https:\/\/eurowerkstatt-jena.de\/wp-content\/uploads\/2020\/04\/grafik-15-300x169.png 300w\" sizes=\"auto, (max-width: 605px) 85vw, 605px\" \/><\/figure>\n\n\n\n<figure class=\"wp-block-image size-large\"><img loading=\"lazy\" decoding=\"async\" width=\"1024\" height=\"576\" data-id=\"1771\" src=\"http:\/\/eurowerkstatt-jena.de\/wp-content\/uploads\/2019\/11\/garten-2-1024x576.jpg\" alt=\"\" class=\"wp-image-1771\" srcset=\"https:\/\/eurowerkstatt-jena.de\/wp-content\/uploads\/2019\/11\/garten-2-1024x576.jpg 1024w, https:\/\/eurowerkstatt-jena.de\/wp-content\/uploads\/2019\/11\/garten-2-300x169.jpg 300w, https:\/\/eurowerkstatt-jena.de\/wp-content\/uploads\/2019\/11\/garten-2-768x432.jpg 768w, https:\/\/eurowerkstatt-jena.de\/wp-content\/uploads\/2019\/11\/garten-2-675x380.jpg 675w, https:\/\/eurowerkstatt-jena.de\/wp-content\/uploads\/2019\/11\/garten-2.jpg 1722w\" sizes=\"auto, (max-width: 709px) 85vw, (max-width: 909px) 67vw, (max-width: 1362px) 62vw, 840px\" \/><\/figure>\n\n\n\n<figure class=\"wp-block-image size-large\"><img loading=\"lazy\" decoding=\"async\" width=\"960\" height=\"640\" data-id=\"2323\" src=\"http:\/\/eurowerkstatt-jena.de\/wp-content\/uploads\/2020\/04\/12019835_1019444658087377_3219063189506188559_n-1.jpg\" alt=\"\" class=\"wp-image-2323\" srcset=\"https:\/\/eurowerkstatt-jena.de\/wp-content\/uploads\/2020\/04\/12019835_1019444658087377_3219063189506188559_n-1.jpg 960w, https:\/\/eurowerkstatt-jena.de\/wp-content\/uploads\/2020\/04\/12019835_1019444658087377_3219063189506188559_n-1-300x200.jpg 300w, https:\/\/eurowerkstatt-jena.de\/wp-content\/uploads\/2020\/04\/12019835_1019444658087377_3219063189506188559_n-1-768x512.jpg 768w, https:\/\/eurowerkstatt-jena.de\/wp-content\/uploads\/2020\/04\/12019835_1019444658087377_3219063189506188559_n-1-570x380.jpg 570w\" sizes=\"auto, (max-width: 709px) 85vw, (max-width: 909px) 67vw, (max-width: 1362px) 62vw, 840px\" \/><\/figure>\n<\/figure>\n\n\n\n<p><\/p>\n\n\n\n<div style=\"height:100px\" aria-hidden=\"true\" class=\"wp-block-spacer\"><\/div>\n\n\n\n<figure class=\"wp-block-image\"><img loading=\"lazy\" decoding=\"async\" width=\"1024\" height=\"513\" src=\"http:\/\/eurowerkstatt-jena.de\/wp-content\/uploads\/2018\/12\/Screen-Shot-2018-12-20-at-17.19.01-1024x513.png\" alt=\"\" class=\"wp-image-1510\" srcset=\"https:\/\/eurowerkstatt-jena.de\/wp-content\/uploads\/2018\/12\/Screen-Shot-2018-12-20-at-17.19.01-1024x513.png 1024w, https:\/\/eurowerkstatt-jena.de\/wp-content\/uploads\/2018\/12\/Screen-Shot-2018-12-20-at-17.19.01-300x150.png 300w, https:\/\/eurowerkstatt-jena.de\/wp-content\/uploads\/2018\/12\/Screen-Shot-2018-12-20-at-17.19.01-768x385.png 768w, https:\/\/eurowerkstatt-jena.de\/wp-content\/uploads\/2018\/12\/Screen-Shot-2018-12-20-at-17.19.01-758x380.png 758w\" sizes=\"auto, (max-width: 709px) 85vw, (max-width: 909px) 67vw, (max-width: 1362px) 62vw, 840px\" \/><\/figure>","protected":false},"excerpt":{"rendered":"<p>Willkommen auf der Homepage der Eurowerkstatt Jena! Der gemeinn\u00fctzige Verein Eurowerkstatt Jena e.V. wurde 2006 gegr\u00fcndet ist anerkannter Tr\u00e4ger der Kinder- und Jugendhilfe, sowie in der internationalen Jugendarbeit t\u00e4tig. Wir schaffen schulische und au\u00dferschulische Angebote, um junge Menschen dabei zu unterst\u00fctzen soziale, berufliche und interkulturelle Kompetenzen zu entwickeln. Wir m\u00f6chten Kinder und Jugendliche f\u00fcr ihre &hellip; <a href=\"https:\/\/eurowerkstatt-jena.de\/en\/\" class=\"more-link\">Continue reading<span class=\"screen-reader-text\"> &#8222;HOME&#8220;<\/span><\/a><\/p>","protected":false},"author":1,"featured_media":1000,"parent":0,"menu_order":0,"comment_status":"closed","ping_status":"closed","template":"","meta":{"give_campaign_id":0,"footnotes":""},"class_list":["post-7","page","type-page","status-publish","has-post-thumbnail","hentry"],"campaignId":"","_links":{"self":[{"href":"https:\/\/eurowerkstatt-jena.de\/en\/wp-json\/wp\/v2\/pages\/7","targetHints":{"allow":["GET"]}}],"collection":[{"href":"https:\/\/eurowerkstatt-jena.de\/en\/wp-json\/wp\/v2\/pages"}],"about":[{"href":"https:\/\/eurowerkstatt-jena.de\/en\/wp-json\/wp\/v2\/types\/page"}],"author":[{"embeddable":true,"href":"https:\/\/eurowerkstatt-jena.de\/en\/wp-json\/wp\/v2\/users\/1"}],"replies":[{"embeddable":true,"href":"https:\/\/eurowerkstatt-jena.de\/en\/wp-json\/wp\/v2\/comments?post=7"}],"version-history":[{"count":10,"href":"https:\/\/eurowerkstatt-jena.de\/en\/wp-json\/wp\/v2\/pages\/7\/revisions"}],"predecessor-version":[{"id":3570,"href":"https:\/\/eurowerkstatt-jena.de\/en\/wp-json\/wp\/v2\/pages\/7\/revisions\/3570"}],"wp:featuredmedia":[{"embeddable":true,"href":"https:\/\/eurowerkstatt-jena.de\/en\/wp-json\/wp\/v2\/media\/1000"}],"wp:attachment":[{"href":"https:\/\/eurowerkstatt-jena.de\/en\/wp-json\/wp\/v2\/media?parent=7"}],"curies":[{"name":"wp","href":"https:\/\/api.w.org\/{rel}","templated":true}]}}