{"id":48,"date":"2017-01-05T17:26:30","date_gmt":"2017-01-05T16:26:30","guid":{"rendered":"http:\/\/eurowerkstatt-jena.de\/?page_id=48"},"modified":"2020-05-12T15:46:59","modified_gmt":"2020-05-12T13:46:59","slug":"festival","status":"publish","type":"page","link":"https:\/\/eurowerkstatt-jena.de\/en\/aktuelles\/festival\/","title":{"rendered":"Festival"},"content":{"rendered":"<p>Unser j\u00e4hrliches Festivals &#8218;Volunteers go for fair Europe&#8216; bringt den Europ\u00e4ischen Solidarit\u00e4tskorps in die \u00d6ffentlichkeit. Die aktuellen Freiwilligen stellen ihr Heimatland und ihr Aufnahmeprojekt mit unterschiedlichen Angeboten vor. Es gibt Informationsst\u00e4nde f\u00fcr Jenaer Jugendliche zu verschiedenen gef\u00f6rderten Mobilit\u00e4tsprogrammen. Andere Sendeorganisationen wie das Eine-Welt-Haus sind mit dem <em>weltw\u00e4rts<\/em>-Programm dabei und wir stellen auch das Programm <em>kulturweit<\/em> vor. Gespickt ist das Treffen mit Tanz, Musik und anderen Attraktionen, sodass ein Festivalcharakter entsteht. Alle Jenaer Jugendlichen sind eingeladen.<\/p>","protected":false},"excerpt":{"rendered":"<p>Since 2011 we organize the festival \"Volunteers go for fair Europe\". Here you can find all the films and photos.<\/p>","protected":false},"author":1,"featured_media":1303,"parent":948,"menu_order":4,"comment_status":"closed","ping_status":"closed","template":"page-templates\/grid-page.php","meta":{"give_campaign_id":0,"footnotes":""},"class_list":["post-48","page","type-page","status-publish","has-post-thumbnail","hentry"],"campaignId":"","_links":{"self":[{"href":"https:\/\/eurowerkstatt-jena.de\/en\/wp-json\/wp\/v2\/pages\/48","targetHints":{"allow":["GET"]}}],"collection":[{"href":"https:\/\/eurowerkstatt-jena.de\/en\/wp-json\/wp\/v2\/pages"}],"about":[{"href":"https:\/\/eurowerkstatt-jena.de\/en\/wp-json\/wp\/v2\/types\/page"}],"author":[{"embeddable":true,"href":"https:\/\/eurowerkstatt-jena.de\/en\/wp-json\/wp\/v2\/users\/1"}],"replies":[{"embeddable":true,"href":"https:\/\/eurowerkstatt-jena.de\/en\/wp-json\/wp\/v2\/comments?post=48"}],"version-history":[{"count":10,"href":"https:\/\/eurowerkstatt-jena.de\/en\/wp-json\/wp\/v2\/pages\/48\/revisions"}],"predecessor-version":[{"id":2517,"href":"https:\/\/eurowerkstatt-jena.de\/en\/wp-json\/wp\/v2\/pages\/48\/revisions\/2517"}],"up":[{"embeddable":true,"href":"https:\/\/eurowerkstatt-jena.de\/en\/wp-json\/wp\/v2\/pages\/948"}],"wp:featuredmedia":[{"embeddable":true,"href":"https:\/\/eurowerkstatt-jena.de\/en\/wp-json\/wp\/v2\/media\/1303"}],"wp:attachment":[{"href":"https:\/\/eurowerkstatt-jena.de\/en\/wp-json\/wp\/v2\/media?parent=48"}],"curies":[{"name":"wp","href":"https:\/\/api.w.org\/{rel}","templated":true}]}}