{"id":47,"date":"2017-01-05T17:26:30","date_gmt":"2017-01-05T16:26:30","guid":{"rendered":"http:\/\/eurowerkstatt-jena.de\/?page_id=47"},"modified":"2020-03-26T15:35:57","modified_gmt":"2020-03-26T14:35:57","slug":"photo-gallery","status":"publish","type":"page","link":"https:\/\/eurowerkstatt-jena.de\/en\/photo-gallery\/","title":{"rendered":"Links"},"content":{"rendered":"<p>Ihr wollt noch das Kleingedruckte lesen, euch \u00fcber das ESK schlau machen oder vielleicht sogar schon selbst nach Projekten im Ausland suchen?<\/p>\n<p>Hier findet ihr alle wichtigen Links dazu!<\/p>\n<p><img loading=\"lazy\" decoding=\"async\" class=\"alignnone  wp-image-1499\" src=\"http:\/\/eurowerkstatt-jena.de\/wp-content\/uploads\/2018\/12\/Screen-Shot-2018-12-20-at-16.58.39-1024x248.png\" alt=\"\" width=\"313\" height=\"76\" srcset=\"https:\/\/eurowerkstatt-jena.de\/wp-content\/uploads\/2018\/12\/Screen-Shot-2018-12-20-at-16.58.39-1024x248.png 1024w, https:\/\/eurowerkstatt-jena.de\/wp-content\/uploads\/2018\/12\/Screen-Shot-2018-12-20-at-16.58.39-300x73.png 300w, https:\/\/eurowerkstatt-jena.de\/wp-content\/uploads\/2018\/12\/Screen-Shot-2018-12-20-at-16.58.39-768x186.png 768w, https:\/\/eurowerkstatt-jena.de\/wp-content\/uploads\/2018\/12\/Screen-Shot-2018-12-20-at-16.58.39-1180x286.png 1180w\" sizes=\"auto, (max-width: 313px) 85vw, 313px\" \/><\/p>\n<p class=\"p1\"><span style=\"color: #008080;\"><strong><a style=\"color: #008080;\" href=\"https:\/\/www.solidaritaetskorps.de\/\">Informationen zum Europ\u00e4ischen Solidarit\u00e4tskorps<\/a><\/strong><\/span><\/p>\n<p class=\"p1\"><span style=\"color: #008080;\"><strong><a style=\"color: #008080;\" href=\"https:\/\/europa.eu\/youth\/solidarity_de\">Jugendportal des ESK<\/a><\/strong><\/span><\/p>\n<p class=\"p1\"><span style=\"color: #008080;\"><strong><a style=\"color: #008080;\" href=\"https:\/\/europa.eu\/youth\/volunteering\/project_de\">Datenbank aller Projekte im ESK und dar\u00fcber hinaus<\/a><\/strong><\/span><\/p>\n<p><a href=\"\/en\/www.rausvonzuhaus.de\/\" target=\"_blank\" rel=\"noopener noreferrer\"><img loading=\"lazy\" decoding=\"async\" class=\"alignnone wp-image-851\" src=\"http:\/\/eurowerkstatt-jena.de\/wp-content\/uploads\/2017\/01\/Screen-Shot-2017-03-03-at-18.36.09-1024x231.png\" width=\"186\" height=\"42\" srcset=\"https:\/\/eurowerkstatt-jena.de\/wp-content\/uploads\/2017\/01\/Screen-Shot-2017-03-03-at-18.36.09-1024x231.png 1024w, https:\/\/eurowerkstatt-jena.de\/wp-content\/uploads\/2017\/01\/Screen-Shot-2017-03-03-at-18.36.09-300x68.png 300w, https:\/\/eurowerkstatt-jena.de\/wp-content\/uploads\/2017\/01\/Screen-Shot-2017-03-03-at-18.36.09-768x173.png 768w, https:\/\/eurowerkstatt-jena.de\/wp-content\/uploads\/2017\/01\/Screen-Shot-2017-03-03-at-18.36.09.png 1136w\" sizes=\"auto, (max-width: 186px) 85vw, 186px\" \/><\/a><\/p>\n<p><span style=\"color: #008080;\"><strong><a style=\"color: #008080;\" href=\"http:\/\/www.rausvonzuhaus.de\">Eurodesk Deutschland<\/a><\/strong><\/span> informiert \u00fcber alle Mobilit\u00e4tsprogramme, hier findest du auch Alternativen zum ESK<\/p>\n<p><a href=\"http:\/\/eurowerkstatt-jena.de\/en\/photo-gallery\/screen-shot-2017-06-12-at-14-57-48\/#main\" rel=\"attachment wp-att-989\"><img loading=\"lazy\" decoding=\"async\" class=\"alignnone wp-image-989\" src=\"http:\/\/eurowerkstatt-jena.de\/wp-content\/uploads\/2017\/01\/Screen-Shot-2017-06-12-at-14.57.48-1024x232.png\" alt=\"\" width=\"199\" height=\"45\" srcset=\"https:\/\/eurowerkstatt-jena.de\/wp-content\/uploads\/2017\/01\/Screen-Shot-2017-06-12-at-14.57.48-1024x232.png 1024w, https:\/\/eurowerkstatt-jena.de\/wp-content\/uploads\/2017\/01\/Screen-Shot-2017-06-12-at-14.57.48-300x68.png 300w, https:\/\/eurowerkstatt-jena.de\/wp-content\/uploads\/2017\/01\/Screen-Shot-2017-06-12-at-14.57.48-768x174.png 768w, https:\/\/eurowerkstatt-jena.de\/wp-content\/uploads\/2017\/01\/Screen-Shot-2017-06-12-at-14.57.48-1180x268.png 1180w, https:\/\/eurowerkstatt-jena.de\/wp-content\/uploads\/2017\/01\/Screen-Shot-2017-06-12-at-14.57.48.png 1612w\" sizes=\"auto, (max-width: 199px) 85vw, 199px\" \/><\/a><\/p>\n<p><strong><a href=\"https:\/\/www.rausvonzuhaus.de\/lastminute\">Lanstminute Markt, freie Pl\u00e4tze in Auslandsprojekten weltweit<\/a><\/strong><\/p>","protected":false},"excerpt":{"rendered":"<p>Ihr wollt noch das Kleingedruckte lesen, euch \u00fcber das ESK schlau machen oder vielleicht sogar schon selbst nach Projekten im Ausland suchen? Hier findet ihr alle wichtigen Links dazu! Informationen zum Europ\u00e4ischen Solidarit\u00e4tskorps Jugendportal des ESK Datenbank aller Projekte im ESK und dar\u00fcber hinaus Eurodesk Deutschland informiert \u00fcber alle Mobilit\u00e4tsprogramme, hier findest du auch Alternativen &hellip; <a href=\"https:\/\/eurowerkstatt-jena.de\/en\/photo-gallery\/\" class=\"more-link\">Continue reading<span class=\"screen-reader-text\"> &#8222;Links&#8220;<\/span><\/a><\/p>","protected":false},"author":1,"featured_media":322,"parent":0,"menu_order":0,"comment_status":"closed","ping_status":"closed","template":"","meta":{"give_campaign_id":0,"footnotes":""},"class_list":["post-47","page","type-page","status-publish","has-post-thumbnail","hentry"],"campaignId":"","_links":{"self":[{"href":"https:\/\/eurowerkstatt-jena.de\/en\/wp-json\/wp\/v2\/pages\/47","targetHints":{"allow":["GET"]}}],"collection":[{"href":"https:\/\/eurowerkstatt-jena.de\/en\/wp-json\/wp\/v2\/pages"}],"about":[{"href":"https:\/\/eurowerkstatt-jena.de\/en\/wp-json\/wp\/v2\/types\/page"}],"author":[{"embeddable":true,"href":"https:\/\/eurowerkstatt-jena.de\/en\/wp-json\/wp\/v2\/users\/1"}],"replies":[{"embeddable":true,"href":"https:\/\/eurowerkstatt-jena.de\/en\/wp-json\/wp\/v2\/comments?post=47"}],"version-history":[{"count":10,"href":"https:\/\/eurowerkstatt-jena.de\/en\/wp-json\/wp\/v2\/pages\/47\/revisions"}],"predecessor-version":[{"id":2091,"href":"https:\/\/eurowerkstatt-jena.de\/en\/wp-json\/wp\/v2\/pages\/47\/revisions\/2091"}],"wp:featuredmedia":[{"embeddable":true,"href":"https:\/\/eurowerkstatt-jena.de\/en\/wp-json\/wp\/v2\/media\/322"}],"wp:attachment":[{"href":"https:\/\/eurowerkstatt-jena.de\/en\/wp-json\/wp\/v2\/media?parent=47"}],"curies":[{"name":"wp","href":"https:\/\/api.w.org\/{rel}","templated":true}]}}