{"id":3679,"date":"2023-06-05T14:45:35","date_gmt":"2023-06-05T12:45:35","guid":{"rendered":"http:\/\/eurowerkstatt-jena.de\/?page_id=3679"},"modified":"2023-08-09T15:02:51","modified_gmt":"2023-08-09T13:02:51","slug":"unity-celebration","status":"publish","type":"page","link":"https:\/\/eurowerkstatt-jena.de\/en\/unity-celebration\/","title":{"rendered":"Unity Celebration"},"content":{"rendered":"<p class=\"has-text-align-center\">\ud83c\udf1f\ud83c\udf89 Thank You for Being a Part of Our Journey! \ud83c\udf8a\ud83c\udf3f<\/p>\n\n\n\n<p class=\"has-text-align-center\">Dear Participants,<\/p>\n\n\n\n<p class=\"has-text-align-center\">w\u00e4hrend die Sonne \u00fcber unserer Abschlussveranstaltung, der &#8222;Unity Celebration&#8220;, untergeht, m\u00f6chten wir uns bei jedem einzelnen von euch bedanken. Eure Anwesenheit, euer Enthusiasmus und die gemeinsamen Momente haben unser Projekt zu einem echten Erfolg gemacht. \ud83c\udf08\ud83d\udc9a<\/p>\n\n\n\n<p class=\"has-text-align-center\">W\u00e4hrend der gesamten Veranstaltungsreihe, von Wanderungen \u00fcber Workshops bis hin zu fr\u00f6hlichen Zusammenk\u00fcnften, haben wir die Kraft der Einheit und Gemeinschaft erlebt. Eure Offenheit, euer Engagement und die entstandenen Verbindungen haben unser Projekt &#8222;One Jena, One Life&#8220; wirklich bereichert.<\/p>\n\n\n\n<p class=\"has-text-align-center\">We believe that through these experiences, we have collectively sowed seeds of intercultural understanding, sustainable living, and quality of life improvement. You have proven that when diverse hearts come together, positive change becomes possible.<\/p>\n\n\n\n<p class=\"has-text-align-center\">Vielen Dank, dass ihr ein integraler Bestandteil von &#8222;One Jena, One Life&#8220; seid. Wir w\u00fcnschen euch allen eine gl\u00e4nzende Zukunft voller Einigkeit, Wohlbefinden und positiver Verbindungen. \ud83c\udf1f\u2728<\/p>\n\n\n\n<p class=\"has-text-align-center\">With gratitude and warm regards,<\/p>\n\n\n\n<p class=\"has-text-align-center\">Emma, Niki, Aksel, Paloma and Sara<\/p>\n\n\n\n<figure class=\"wp-block-image size-large\"><img loading=\"lazy\" decoding=\"async\" width=\"819\" height=\"1024\" src=\"http:\/\/eurowerkstatt-jena.de\/wp-content\/uploads\/2023\/08\/1-819x1024.jpg\" alt=\"\" class=\"wp-image-3807\" srcset=\"https:\/\/eurowerkstatt-jena.de\/wp-content\/uploads\/2023\/08\/1-819x1024.jpg 819w, https:\/\/eurowerkstatt-jena.de\/wp-content\/uploads\/2023\/08\/1-240x300.jpg 240w, https:\/\/eurowerkstatt-jena.de\/wp-content\/uploads\/2023\/08\/1-768x960.jpg 768w, https:\/\/eurowerkstatt-jena.de\/wp-content\/uploads\/2023\/08\/1-10x12.jpg 10w, https:\/\/eurowerkstatt-jena.de\/wp-content\/uploads\/2023\/08\/1.jpg 1080w\" sizes=\"auto, (max-width: 819px) 85vw, 819px\" \/><\/figure>\n\n\n\n<figure class=\"wp-block-image size-large\"><img loading=\"lazy\" decoding=\"async\" width=\"819\" height=\"1024\" src=\"http:\/\/eurowerkstatt-jena.de\/wp-content\/uploads\/2023\/08\/3-819x1024.jpg\" alt=\"\" class=\"wp-image-3809\" srcset=\"https:\/\/eurowerkstatt-jena.de\/wp-content\/uploads\/2023\/08\/3-819x1024.jpg 819w, https:\/\/eurowerkstatt-jena.de\/wp-content\/uploads\/2023\/08\/3-240x300.jpg 240w, https:\/\/eurowerkstatt-jena.de\/wp-content\/uploads\/2023\/08\/3-768x960.jpg 768w, https:\/\/eurowerkstatt-jena.de\/wp-content\/uploads\/2023\/08\/3-10x12.jpg 10w, https:\/\/eurowerkstatt-jena.de\/wp-content\/uploads\/2023\/08\/3.jpg 1080w\" sizes=\"auto, (max-width: 819px) 85vw, 819px\" \/><\/figure>\n\n\n\n<figure class=\"wp-block-image size-large\"><img loading=\"lazy\" decoding=\"async\" width=\"819\" height=\"1024\" src=\"http:\/\/eurowerkstatt-jena.de\/wp-content\/uploads\/2023\/08\/2-819x1024.jpg\" alt=\"\" class=\"wp-image-3810\" srcset=\"https:\/\/eurowerkstatt-jena.de\/wp-content\/uploads\/2023\/08\/2-819x1024.jpg 819w, https:\/\/eurowerkstatt-jena.de\/wp-content\/uploads\/2023\/08\/2-240x300.jpg 240w, https:\/\/eurowerkstatt-jena.de\/wp-content\/uploads\/2023\/08\/2-768x960.jpg 768w, https:\/\/eurowerkstatt-jena.de\/wp-content\/uploads\/2023\/08\/2-10x12.jpg 10w, https:\/\/eurowerkstatt-jena.de\/wp-content\/uploads\/2023\/08\/2.jpg 1080w\" sizes=\"auto, (max-width: 819px) 85vw, 819px\" \/><\/figure>","protected":false},"excerpt":{"rendered":"<p>\ud83c\udf1f\ud83c\udf89 Danke, dass ihr ein Teil unserer Reise gewesen seid! \ud83c\udf8a\ud83c\udf3f Liebe Teilnehmenden, w\u00e4hrend die Sonne \u00fcber unserer Abschlussveranstaltung, der &#8222;Unity Celebration&#8220;, untergeht, m\u00f6chten wir uns bei jedem einzelnen von euch bedanken. Eure Anwesenheit, euer Enthusiasmus und die gemeinsamen Momente haben unser Projekt zu einem echten Erfolg gemacht. \ud83c\udf08\ud83d\udc9a W\u00e4hrend der gesamten Veranstaltungsreihe, von Wanderungen &hellip; <a href=\"https:\/\/eurowerkstatt-jena.de\/en\/unity-celebration\/\" class=\"more-link\">Continue reading<span class=\"screen-reader-text\"> &#8222;Unity Celebration&#8220;<\/span><\/a><\/p>","protected":false},"author":1,"featured_media":3803,"parent":0,"menu_order":0,"comment_status":"closed","ping_status":"closed","template":"","meta":{"give_campaign_id":0,"footnotes":""},"class_list":["post-3679","page","type-page","status-publish","has-post-thumbnail","hentry"],"campaignId":"","_links":{"self":[{"href":"https:\/\/eurowerkstatt-jena.de\/en\/wp-json\/wp\/v2\/pages\/3679","targetHints":{"allow":["GET"]}}],"collection":[{"href":"https:\/\/eurowerkstatt-jena.de\/en\/wp-json\/wp\/v2\/pages"}],"about":[{"href":"https:\/\/eurowerkstatt-jena.de\/en\/wp-json\/wp\/v2\/types\/page"}],"author":[{"embeddable":true,"href":"https:\/\/eurowerkstatt-jena.de\/en\/wp-json\/wp\/v2\/users\/1"}],"replies":[{"embeddable":true,"href":"https:\/\/eurowerkstatt-jena.de\/en\/wp-json\/wp\/v2\/comments?post=3679"}],"version-history":[{"count":5,"href":"https:\/\/eurowerkstatt-jena.de\/en\/wp-json\/wp\/v2\/pages\/3679\/revisions"}],"predecessor-version":[{"id":3811,"href":"https:\/\/eurowerkstatt-jena.de\/en\/wp-json\/wp\/v2\/pages\/3679\/revisions\/3811"}],"wp:featuredmedia":[{"embeddable":true,"href":"https:\/\/eurowerkstatt-jena.de\/en\/wp-json\/wp\/v2\/media\/3803"}],"wp:attachment":[{"href":"https:\/\/eurowerkstatt-jena.de\/en\/wp-json\/wp\/v2\/media?parent=3679"}],"curies":[{"name":"wp","href":"https:\/\/api.w.org\/{rel}","templated":true}]}}