{"id":3671,"date":"2023-06-05T14:45:35","date_gmt":"2023-06-05T12:45:35","guid":{"rendered":"http:\/\/eurowerkstatt-jena.de\/?page_id=3671"},"modified":"2023-06-08T11:32:04","modified_gmt":"2023-06-08T09:32:04","slug":"one-jena-one-life","status":"publish","type":"page","link":"https:\/\/eurowerkstatt-jena.de\/en\/one-jena-one-life\/","title":{"rendered":"One Jena, One Life"},"content":{"rendered":"<p class=\"has-text-align-center\">Hi! Wir sind die Freiwilligen, die f\u00fcr One Jena, One Life verantwortlich sind.<br>Wir sind unglaublich stolz darauf, unsere Initiative zur F\u00f6rderung von interkulturellem Verst\u00e4ndnis, nachhaltigem Leben und einer besseren Lebensqualit\u00e4t in Jena vorzustellen. Gemeinsam werden wir Bewusstsein schaffen, Erfahrungen austauschen und Verbindungen innerhalb unserer vielf\u00e4ltigen Gemeinschaft aufbauen. <\/p>\n\n\n\n<figure class=\"wp-block-image size-large\"><img loading=\"lazy\" decoding=\"async\" width=\"1024\" height=\"1024\" src=\"http:\/\/eurowerkstatt-jena.de\/wp-content\/uploads\/2023\/05\/2-2-1024x1024.png\" alt=\"\" class=\"wp-image-3635\" srcset=\"https:\/\/eurowerkstatt-jena.de\/wp-content\/uploads\/2023\/05\/2-2-1024x1024.png 1024w, https:\/\/eurowerkstatt-jena.de\/wp-content\/uploads\/2023\/05\/2-2-300x300.png 300w, https:\/\/eurowerkstatt-jena.de\/wp-content\/uploads\/2023\/05\/2-2-150x150.png 150w, https:\/\/eurowerkstatt-jena.de\/wp-content\/uploads\/2023\/05\/2-2-768x768.png 768w, https:\/\/eurowerkstatt-jena.de\/wp-content\/uploads\/2023\/05\/2-2-12x12.png 12w, https:\/\/eurowerkstatt-jena.de\/wp-content\/uploads\/2023\/05\/2-2.png 1080w\" sizes=\"auto, (max-width: 709px) 85vw, (max-width: 909px) 67vw, (max-width: 1362px) 62vw, 840px\" \/><\/figure>\n\n\n\n<p class=\"has-text-align-center\">Beteiligt euch an dieser transformativen Reise zu Einheit, Wohlbefinden und positivem Wandel.<\/p>\n\n\n\n<p class=\"has-text-align-center\">Lassen Sie uns einen Unterschied machen, einen Schritt nach dem anderen!<\/p>\n\n\n\n<div style=\"height:32px\" aria-hidden=\"true\" class=\"wp-block-spacer\"><\/div>\n\n\n\n<p class=\"has-text-align-center\">Wir presentieren unser Symbol!<\/p>\n\n\n<div class=\"wp-block-image\">\n<figure class=\"aligncenter size-full is-resized\"><img loading=\"lazy\" decoding=\"async\" src=\"http:\/\/eurowerkstatt-jena.de\/wp-content\/uploads\/2023\/06\/sp-logo-.png\" alt=\"\" class=\"wp-image-3727\" width=\"628\" height=\"628\" srcset=\"https:\/\/eurowerkstatt-jena.de\/wp-content\/uploads\/2023\/06\/sp-logo-.png 500w, https:\/\/eurowerkstatt-jena.de\/wp-content\/uploads\/2023\/06\/sp-logo--300x300.png 300w, https:\/\/eurowerkstatt-jena.de\/wp-content\/uploads\/2023\/06\/sp-logo--150x150.png 150w, https:\/\/eurowerkstatt-jena.de\/wp-content\/uploads\/2023\/06\/sp-logo--12x12.png 12w\" sizes=\"auto, (max-width: 628px) 85vw, 628px\" \/><\/figure>\n<\/div>\n\n\n<div style=\"height:34px\" aria-hidden=\"true\" class=\"wp-block-spacer\"><\/div>\n\n\n\n<p class=\"has-text-align-center\">Als ehrenamtliche Leiter von One Jena, One Life freuen wir uns darauf, unser Veranstaltungsprogramm mit euch zu teilen. Macht euch bereit f\u00fcr eine unglaubliche Reihe von Erlebnissen, die sorgf\u00e4ltig zusammengestellt wurden, um Integration, Wohlbefinden und Spa\u00df zu f\u00f6rdern! Von Wanderungen und Rollenspielen bis hin zu Malworkshops und einer Abschlussfeier haben wir ein unvergessliches Programm vorbereitet.<\/p>\n\n\n\n<figure class=\"wp-block-image size-large\"><img loading=\"lazy\" decoding=\"async\" width=\"1024\" height=\"1024\" src=\"http:\/\/eurowerkstatt-jena.de\/wp-content\/uploads\/2023\/05\/bestsellerslist-1024x1024.png\" alt=\"\" class=\"wp-image-3637\" srcset=\"https:\/\/eurowerkstatt-jena.de\/wp-content\/uploads\/2023\/05\/bestsellerslist-1024x1024.png 1024w, https:\/\/eurowerkstatt-jena.de\/wp-content\/uploads\/2023\/05\/bestsellerslist-300x300.png 300w, https:\/\/eurowerkstatt-jena.de\/wp-content\/uploads\/2023\/05\/bestsellerslist-150x150.png 150w, https:\/\/eurowerkstatt-jena.de\/wp-content\/uploads\/2023\/05\/bestsellerslist-768x768.png 768w, https:\/\/eurowerkstatt-jena.de\/wp-content\/uploads\/2023\/05\/bestsellerslist-12x12.png 12w, https:\/\/eurowerkstatt-jena.de\/wp-content\/uploads\/2023\/05\/bestsellerslist.png 1080w\" sizes=\"auto, (max-width: 709px) 85vw, (max-width: 909px) 67vw, (max-width: 1362px) 62vw, 840px\" \/><\/figure>\n\n\n\n<p class=\"has-text-align-center\">Schafft gemeinsam mit uns bleibende Erinnerungen und ebnet den Weg f\u00fcr ein nachhaltigeres und integratives Jena.<\/p>\n\n\n\n<p class=\"has-text-align-center\">Lasst uns gemeinsam eine positive Wirkung erzielen!\u00a0<\/p>","protected":false},"excerpt":{"rendered":"<p>Hi! Wir sind die Freiwilligen, die f\u00fcr One Jena, One Life verantwortlich sind.Wir sind unglaublich stolz darauf, unsere Initiative zur F\u00f6rderung von interkulturellem Verst\u00e4ndnis, nachhaltigem Leben und einer besseren Lebensqualit\u00e4t in Jena vorzustellen. Gemeinsam werden wir Bewusstsein schaffen, Erfahrungen austauschen und Verbindungen innerhalb unserer vielf\u00e4ltigen Gemeinschaft aufbauen. Beteiligt euch an dieser transformativen Reise zu Einheit, &hellip; <a href=\"https:\/\/eurowerkstatt-jena.de\/en\/one-jena-one-life\/\" class=\"more-link\">Continue reading<span class=\"screen-reader-text\"> &#8222;One Jena, One Life&#8220;<\/span><\/a><\/p>","protected":false},"author":1,"featured_media":0,"parent":0,"menu_order":0,"comment_status":"closed","ping_status":"closed","template":"","meta":{"give_campaign_id":0,"footnotes":""},"class_list":["post-3671","page","type-page","status-publish","hentry"],"campaignId":"","_links":{"self":[{"href":"https:\/\/eurowerkstatt-jena.de\/en\/wp-json\/wp\/v2\/pages\/3671","targetHints":{"allow":["GET"]}}],"collection":[{"href":"https:\/\/eurowerkstatt-jena.de\/en\/wp-json\/wp\/v2\/pages"}],"about":[{"href":"https:\/\/eurowerkstatt-jena.de\/en\/wp-json\/wp\/v2\/types\/page"}],"author":[{"embeddable":true,"href":"https:\/\/eurowerkstatt-jena.de\/en\/wp-json\/wp\/v2\/users\/1"}],"replies":[{"embeddable":true,"href":"https:\/\/eurowerkstatt-jena.de\/en\/wp-json\/wp\/v2\/comments?post=3671"}],"version-history":[{"count":3,"href":"https:\/\/eurowerkstatt-jena.de\/en\/wp-json\/wp\/v2\/pages\/3671\/revisions"}],"predecessor-version":[{"id":3728,"href":"https:\/\/eurowerkstatt-jena.de\/en\/wp-json\/wp\/v2\/pages\/3671\/revisions\/3728"}],"wp:attachment":[{"href":"https:\/\/eurowerkstatt-jena.de\/en\/wp-json\/wp\/v2\/media?parent=3671"}],"curies":[{"name":"wp","href":"https:\/\/api.w.org\/{rel}","templated":true}]}}