{"id":3666,"date":"2019-11-29T15:32:00","date_gmt":"2019-11-29T14:32:00","guid":{"rendered":"http:\/\/eurowerkstatt-jena.de\/?page_id=3666"},"modified":"2023-06-02T15:33:39","modified_gmt":"2023-06-02T13:33:39","slug":"unsere-mission","status":"publish","type":"page","link":"https:\/\/eurowerkstatt-jena.de\/en\/unsere-mission\/","title":{"rendered":"Unsere Mission"},"content":{"rendered":"<div style=\"height:51px\" aria-hidden=\"true\" class=\"wp-block-spacer\"><\/div>\n\n\n\n<h4 class=\"wp-block-heading has-text-align-center\"><strong><em>Mission der Eurowerkstatt Jena e. V.<\/em><\/strong><\/h4>\n\n\n\n<div style=\"height:21px\" aria-hidden=\"true\" class=\"wp-block-spacer\"><\/div>\n\n\n\n<ul class=\"wp-block-list\">\n<li>Die Eurowerkstatt ist ein <strong>gemeinn\u00fctziger <\/strong>Verein und anerkannter Tr\u00e4ger der Jugendhilfe.<\/li>\n\n\n\n<li>Wir organisieren und gestalten internationale <strong>Jugendbegegnungen <\/strong>und erm\u00f6glichen dadurch interkulturelle Erfahrungen f\u00fcr junge Menschen.<\/li>\n\n\n\n<li>Wir arbeiten <strong>parteiunabh\u00e4ngig <\/strong>und vertreten die Werte eines offenen und solidarischen Europas.<\/li>\n\n\n\n<li>Uns ist wichtig, jungen Menschen Europa <strong>konkret erlebbar<\/strong> zu machen, unabh\u00e4ngig von Herkunft, Religion, Geschlecht, Bildungsabschl\u00fcssen und sonstigen pers\u00f6nlichen Voraussetzungen.<\/li>\n\n\n\n<li>Durch <strong>non-formale Bildungsangebote<\/strong> unterst\u00fctzen wir die Pers\u00f6nlichkeitsentwicklung Jugendlicher und junger Erwachsener.&nbsp;<\/li>\n\n\n\n<li>Wir f\u00fchren junge Menschen an unterschiedliche <strong>F\u00f6rderm\u00f6glichkeiten f\u00fcr Auslandsaufenthalte<\/strong> heran.<\/li>\n\n\n\n<li>Hierf\u00fcr setzen wir insbesondere das EU-gef\u00f6rderte Programm \u201e<strong>Europ\u00e4ischer Solidarit\u00e4tskorps<\/strong>\u201c um und koordinieren f\u00fcr Jena und Region die Entsendung und Aufnahme von europ\u00e4ischen Freiwilligen.<\/li>\n\n\n\n<li>Wir <strong>vernetzen <\/strong>Menschen, Organisationen und Projekte im Rahmen der <strong>st\u00e4dtepartnerschaftlichen <\/strong>Beziehungen der Stadt Jena und dar\u00fcber hinaus.<\/li>\n\n\n\n<li>In unserem Verein arbeiten Praktikant*innen, Ehrenamtliche, Freiwillige, Honorarkr\u00e4fte und Festangestellte. Uns allen ist es wichtig, gemeinschaftlich, transparent und professionell zu arbeiten.<\/li>\n\n\n\n<li>Dabei sehen wir uns als <strong>Lernwerkstatt <\/strong>f\u00fcr alle Interessierten, die kurz- oder langfristige Projekte innerhalb unseres Themenbereichs mitgestalten m\u00f6chten.<\/li>\n<\/ul>\n\n\n\n<p>Leutra, 29.11.2019<\/p>","protected":false},"excerpt":{"rendered":"<p>Mission der Eurowerkstatt Jena e. V. Leutra, 29.11.2019<\/p>","protected":false},"author":1,"featured_media":0,"parent":0,"menu_order":0,"comment_status":"closed","ping_status":"closed","template":"","meta":{"give_campaign_id":0,"footnotes":""},"class_list":["post-3666","page","type-page","status-publish","hentry"],"campaignId":"","_links":{"self":[{"href":"https:\/\/eurowerkstatt-jena.de\/en\/wp-json\/wp\/v2\/pages\/3666","targetHints":{"allow":["GET"]}}],"collection":[{"href":"https:\/\/eurowerkstatt-jena.de\/en\/wp-json\/wp\/v2\/pages"}],"about":[{"href":"https:\/\/eurowerkstatt-jena.de\/en\/wp-json\/wp\/v2\/types\/page"}],"author":[{"embeddable":true,"href":"https:\/\/eurowerkstatt-jena.de\/en\/wp-json\/wp\/v2\/users\/1"}],"replies":[{"embeddable":true,"href":"https:\/\/eurowerkstatt-jena.de\/en\/wp-json\/wp\/v2\/comments?post=3666"}],"version-history":[{"count":2,"href":"https:\/\/eurowerkstatt-jena.de\/en\/wp-json\/wp\/v2\/pages\/3666\/revisions"}],"predecessor-version":[{"id":3668,"href":"https:\/\/eurowerkstatt-jena.de\/en\/wp-json\/wp\/v2\/pages\/3666\/revisions\/3668"}],"wp:attachment":[{"href":"https:\/\/eurowerkstatt-jena.de\/en\/wp-json\/wp\/v2\/media?parent=3666"}],"curies":[{"name":"wp","href":"https:\/\/api.w.org\/{rel}","templated":true}]}}