{"id":2431,"date":"2020-04-30T10:56:07","date_gmt":"2020-04-30T08:56:07","guid":{"rendered":"http:\/\/eurowerkstatt-jena.de\/?page_id=2431"},"modified":"2020-04-30T10:56:07","modified_gmt":"2020-04-30T08:56:07","slug":"mein-efd-jahr-in-sv-schott","status":"publish","type":"page","link":"https:\/\/eurowerkstatt-jena.de\/en\/hosting\/volunteers-experiences\/mein-efd-jahr-in-sv-schott\/","title":{"rendered":"Mein EFD-Jahr in SV Schott"},"content":{"rendered":"<p>Mein name ist Andrei Fiodarau. Ich komme aus Wei\u00dfrussland. Ich bin 24 Jahre alt. Ich komme aus der gleichen kleinen Stadt wie Jena, meine Stadt hei\u00dft Molodechno. Ich habe mein Abschluss an der Belarussischen Nationalen Technischen Universit\u00e4t absolviert. Ich bin ein ehemaliger Profi-Tischtennis-Spieler. Ich habe 4 Jahre f\u00fcr TTC GW Bad Hamm gespielt und jetzt ich spiele f\u00fcr Sv Schott Jena\u2026<\/p>\n\n\n\n<div class=\"wp-block-image\"><figure class=\"aligncenter\"><img loading=\"lazy\" decoding=\"async\" width=\"605\" height=\"454\" src=\"http:\/\/eurowerkstatt-jena.de\/wp-content\/uploads\/2020\/04\/grafik-36.png\" alt=\"\" class=\"wp-image-2432\" srcset=\"https:\/\/eurowerkstatt-jena.de\/wp-content\/uploads\/2020\/04\/grafik-36.png 605w, https:\/\/eurowerkstatt-jena.de\/wp-content\/uploads\/2020\/04\/grafik-36-300x225.png 300w, https:\/\/eurowerkstatt-jena.de\/wp-content\/uploads\/2020\/04\/grafik-36-506x380.png 506w\" sizes=\"auto, (max-width: 605px) 85vw, 605px\" \/><\/figure><\/div>\n\n\n\n<div class=\"wp-block-image\"><figure class=\"aligncenter\"><img loading=\"lazy\" decoding=\"async\" width=\"605\" height=\"454\" src=\"http:\/\/eurowerkstatt-jena.de\/wp-content\/uploads\/2020\/04\/grafik-37.png\" alt=\"\" class=\"wp-image-2433\" srcset=\"https:\/\/eurowerkstatt-jena.de\/wp-content\/uploads\/2020\/04\/grafik-37.png 605w, https:\/\/eurowerkstatt-jena.de\/wp-content\/uploads\/2020\/04\/grafik-37-300x225.png 300w, https:\/\/eurowerkstatt-jena.de\/wp-content\/uploads\/2020\/04\/grafik-37-506x380.png 506w\" sizes=\"auto, (max-width: 605px) 85vw, 605px\" \/><\/figure><\/div>\n\n\n\n<div class=\"wp-block-image\"><figure class=\"aligncenter\"><img loading=\"lazy\" decoding=\"async\" width=\"605\" height=\"454\" src=\"http:\/\/eurowerkstatt-jena.de\/wp-content\/uploads\/2020\/04\/grafik-38.png\" alt=\"\" class=\"wp-image-2434\" srcset=\"https:\/\/eurowerkstatt-jena.de\/wp-content\/uploads\/2020\/04\/grafik-38.png 605w, https:\/\/eurowerkstatt-jena.de\/wp-content\/uploads\/2020\/04\/grafik-38-300x225.png 300w, https:\/\/eurowerkstatt-jena.de\/wp-content\/uploads\/2020\/04\/grafik-38-506x380.png 506w\" sizes=\"auto, (max-width: 605px) 85vw, 605px\" \/><\/figure><\/div>\n\n\n\n<div class=\"wp-block-image\"><figure class=\"aligncenter\"><img loading=\"lazy\" decoding=\"async\" width=\"605\" height=\"454\" src=\"http:\/\/eurowerkstatt-jena.de\/wp-content\/uploads\/2020\/04\/grafik-39.png\" alt=\"\" class=\"wp-image-2435\" srcset=\"https:\/\/eurowerkstatt-jena.de\/wp-content\/uploads\/2020\/04\/grafik-39.png 605w, https:\/\/eurowerkstatt-jena.de\/wp-content\/uploads\/2020\/04\/grafik-39-300x225.png 300w, https:\/\/eurowerkstatt-jena.de\/wp-content\/uploads\/2020\/04\/grafik-39-506x380.png 506w\" sizes=\"auto, (max-width: 605px) 85vw, 605px\" \/><\/figure><\/div>\n\n\n\n<div class=\"wp-block-image\"><figure class=\"aligncenter\"><img loading=\"lazy\" decoding=\"async\" width=\"605\" height=\"454\" src=\"http:\/\/eurowerkstatt-jena.de\/wp-content\/uploads\/2020\/04\/grafik-40.png\" alt=\"\" class=\"wp-image-2436\" srcset=\"https:\/\/eurowerkstatt-jena.de\/wp-content\/uploads\/2020\/04\/grafik-40.png 605w, https:\/\/eurowerkstatt-jena.de\/wp-content\/uploads\/2020\/04\/grafik-40-300x225.png 300w, https:\/\/eurowerkstatt-jena.de\/wp-content\/uploads\/2020\/04\/grafik-40-506x380.png 506w\" sizes=\"auto, (max-width: 605px) 85vw, 605px\" \/><\/figure><\/div>","protected":false},"excerpt":{"rendered":"<p>Von Andrei aus Wei\u00dfrussland <\/p>","protected":false},"author":1,"featured_media":0,"parent":2372,"menu_order":17,"comment_status":"closed","ping_status":"closed","template":"page-templates\/grid-page.php","meta":{"give_campaign_id":0,"footnotes":""},"class_list":["post-2431","page","type-page","status-publish","hentry"],"campaignId":"","_links":{"self":[{"href":"https:\/\/eurowerkstatt-jena.de\/en\/wp-json\/wp\/v2\/pages\/2431","targetHints":{"allow":["GET"]}}],"collection":[{"href":"https:\/\/eurowerkstatt-jena.de\/en\/wp-json\/wp\/v2\/pages"}],"about":[{"href":"https:\/\/eurowerkstatt-jena.de\/en\/wp-json\/wp\/v2\/types\/page"}],"author":[{"embeddable":true,"href":"https:\/\/eurowerkstatt-jena.de\/en\/wp-json\/wp\/v2\/users\/1"}],"replies":[{"embeddable":true,"href":"https:\/\/eurowerkstatt-jena.de\/en\/wp-json\/wp\/v2\/comments?post=2431"}],"version-history":[{"count":1,"href":"https:\/\/eurowerkstatt-jena.de\/en\/wp-json\/wp\/v2\/pages\/2431\/revisions"}],"predecessor-version":[{"id":2437,"href":"https:\/\/eurowerkstatt-jena.de\/en\/wp-json\/wp\/v2\/pages\/2431\/revisions\/2437"}],"up":[{"embeddable":true,"href":"https:\/\/eurowerkstatt-jena.de\/en\/wp-json\/wp\/v2\/pages\/2372"}],"wp:attachment":[{"href":"https:\/\/eurowerkstatt-jena.de\/en\/wp-json\/wp\/v2\/media?parent=2431"}],"curies":[{"name":"wp","href":"https:\/\/api.w.org\/{rel}","templated":true}]}}