{"id":2420,"date":"2020-04-30T10:53:32","date_gmt":"2020-04-30T08:53:32","guid":{"rendered":"http:\/\/eurowerkstatt-jena.de\/?page_id=2420"},"modified":"2022-06-09T11:28:59","modified_gmt":"2022-06-09T09:28:59","slug":"meine-arbeit-in-einem-kindergarten","status":"publish","type":"page","link":"https:\/\/eurowerkstatt-jena.de\/en\/hosting\/volunteers-experiences\/meine-arbeit-in-einem-kindergarten\/","title":{"rendered":"Meine Arbeit in einem Kindergarten"},"content":{"rendered":"<p>Der europ\u00e4ische Freiwilligendienst gibt dir die M\u00f6glichkeit, was Sch\u00f6nes im Ausland zu tun und gleichzeitig neue Menschen und Kulturen kennenzulernen. Und das finde ich ganz cool! In diesem Jahr habe ich ganz Neues erlebt. Nicht alle Momente waren sch\u00f6n, aber die Teilnahme an Seminars und Aktivit\u00e4ten haben mir geholfen, neue Erfahrungen zu sammeln. Ich w\u00fcrde einen europ\u00e4ischen Freiwilligendienst empfehlen, wenn das Projekt gl\u00fccklich macht. Wenn man das Gef\u00fchl hat, dass man eine Hilfe ist und dass die Menschen die Arbeit und Hilfe als freiwillige sch\u00e4tzen\u2026<\/p>\n\n\n\n<div class=\"wp-block-image\"><figure class=\"aligncenter\"><img loading=\"lazy\" decoding=\"async\" width=\"605\" height=\"340\" src=\"http:\/\/eurowerkstatt-jena.de\/wp-content\/uploads\/2020\/04\/grafik-28.png\" alt=\"\" class=\"wp-image-2421\" srcset=\"https:\/\/eurowerkstatt-jena.de\/wp-content\/uploads\/2020\/04\/grafik-28.png 605w, https:\/\/eurowerkstatt-jena.de\/wp-content\/uploads\/2020\/04\/grafik-28-300x169.png 300w\" sizes=\"auto, (max-width: 605px) 85vw, 605px\" \/><\/figure><\/div>\n\n\n\n<div class=\"wp-block-image\"><figure class=\"aligncenter\"><img loading=\"lazy\" decoding=\"async\" width=\"605\" height=\"427\" src=\"http:\/\/eurowerkstatt-jena.de\/wp-content\/uploads\/2020\/04\/grafik-29.png\" alt=\"\" class=\"wp-image-2422\" srcset=\"https:\/\/eurowerkstatt-jena.de\/wp-content\/uploads\/2020\/04\/grafik-29.png 605w, https:\/\/eurowerkstatt-jena.de\/wp-content\/uploads\/2020\/04\/grafik-29-300x212.png 300w, https:\/\/eurowerkstatt-jena.de\/wp-content\/uploads\/2020\/04\/grafik-29-538x380.png 538w\" sizes=\"auto, (max-width: 605px) 85vw, 605px\" \/><\/figure><\/div>\n\n\n\n<div class=\"wp-block-image\"><figure class=\"aligncenter\"><img loading=\"lazy\" decoding=\"async\" width=\"605\" height=\"427\" src=\"http:\/\/eurowerkstatt-jena.de\/wp-content\/uploads\/2020\/04\/grafik-30.png\" alt=\"\" class=\"wp-image-2423\" srcset=\"https:\/\/eurowerkstatt-jena.de\/wp-content\/uploads\/2020\/04\/grafik-30.png 605w, https:\/\/eurowerkstatt-jena.de\/wp-content\/uploads\/2020\/04\/grafik-30-300x212.png 300w, https:\/\/eurowerkstatt-jena.de\/wp-content\/uploads\/2020\/04\/grafik-30-538x380.png 538w\" sizes=\"auto, (max-width: 605px) 85vw, 605px\" \/><\/figure><\/div>\n\n\n\n<div class=\"wp-block-image\"><figure class=\"aligncenter\"><img loading=\"lazy\" decoding=\"async\" width=\"605\" height=\"340\" src=\"http:\/\/eurowerkstatt-jena.de\/wp-content\/uploads\/2020\/04\/grafik-31.png\" alt=\"\" class=\"wp-image-2424\" srcset=\"https:\/\/eurowerkstatt-jena.de\/wp-content\/uploads\/2020\/04\/grafik-31.png 605w, https:\/\/eurowerkstatt-jena.de\/wp-content\/uploads\/2020\/04\/grafik-31-300x169.png 300w\" sizes=\"auto, (max-width: 605px) 85vw, 605px\" \/><\/figure><\/div>\n\n\n\n<div class=\"wp-block-image\"><figure class=\"aligncenter\"><img loading=\"lazy\" decoding=\"async\" width=\"605\" height=\"340\" src=\"http:\/\/eurowerkstatt-jena.de\/wp-content\/uploads\/2020\/04\/grafik-32.png\" alt=\"\" class=\"wp-image-2425\" srcset=\"https:\/\/eurowerkstatt-jena.de\/wp-content\/uploads\/2020\/04\/grafik-32.png 605w, https:\/\/eurowerkstatt-jena.de\/wp-content\/uploads\/2020\/04\/grafik-32-300x169.png 300w\" sizes=\"auto, (max-width: 605px) 85vw, 605px\" \/><\/figure><\/div>\n\n\n\n<div class=\"wp-block-image\"><figure class=\"aligncenter\"><img loading=\"lazy\" decoding=\"async\" width=\"605\" height=\"340\" src=\"http:\/\/eurowerkstatt-jena.de\/wp-content\/uploads\/2020\/04\/grafik-33.png\" alt=\"\" class=\"wp-image-2426\" srcset=\"https:\/\/eurowerkstatt-jena.de\/wp-content\/uploads\/2020\/04\/grafik-33.png 605w, https:\/\/eurowerkstatt-jena.de\/wp-content\/uploads\/2020\/04\/grafik-33-300x169.png 300w\" sizes=\"auto, (max-width: 605px) 85vw, 605px\" \/><\/figure><\/div>\n\n\n\n<div class=\"wp-block-image\"><figure class=\"aligncenter\"><img loading=\"lazy\" decoding=\"async\" width=\"605\" height=\"340\" src=\"http:\/\/eurowerkstatt-jena.de\/wp-content\/uploads\/2020\/04\/grafik-34.png\" alt=\"\" class=\"wp-image-2427\" srcset=\"https:\/\/eurowerkstatt-jena.de\/wp-content\/uploads\/2020\/04\/grafik-34.png 605w, https:\/\/eurowerkstatt-jena.de\/wp-content\/uploads\/2020\/04\/grafik-34-300x169.png 300w\" sizes=\"auto, (max-width: 605px) 85vw, 605px\" \/><\/figure><\/div>\n\n\n\n<figure class=\"wp-block-image\"><img loading=\"lazy\" decoding=\"async\" width=\"605\" height=\"340\" src=\"http:\/\/eurowerkstatt-jena.de\/wp-content\/uploads\/2020\/04\/grafik-35.png\" alt=\"\" class=\"wp-image-2428\" srcset=\"https:\/\/eurowerkstatt-jena.de\/wp-content\/uploads\/2020\/04\/grafik-35.png 605w, https:\/\/eurowerkstatt-jena.de\/wp-content\/uploads\/2020\/04\/grafik-35-300x169.png 300w\" sizes=\"auto, (max-width: 605px) 85vw, 605px\" \/><\/figure>","protected":false},"excerpt":{"rendered":"<p>Von Patricia aus Spanien <\/p>","protected":false},"author":1,"featured_media":0,"parent":2372,"menu_order":-12,"comment_status":"closed","ping_status":"closed","template":"page-templates\/grid-page.php","meta":{"give_campaign_id":0,"footnotes":""},"class_list":["post-2420","page","type-page","status-publish","hentry"],"campaignId":"","_links":{"self":[{"href":"https:\/\/eurowerkstatt-jena.de\/en\/wp-json\/wp\/v2\/pages\/2420","targetHints":{"allow":["GET"]}}],"collection":[{"href":"https:\/\/eurowerkstatt-jena.de\/en\/wp-json\/wp\/v2\/pages"}],"about":[{"href":"https:\/\/eurowerkstatt-jena.de\/en\/wp-json\/wp\/v2\/types\/page"}],"author":[{"embeddable":true,"href":"https:\/\/eurowerkstatt-jena.de\/en\/wp-json\/wp\/v2\/users\/1"}],"replies":[{"embeddable":true,"href":"https:\/\/eurowerkstatt-jena.de\/en\/wp-json\/wp\/v2\/comments?post=2420"}],"version-history":[{"count":2,"href":"https:\/\/eurowerkstatt-jena.de\/en\/wp-json\/wp\/v2\/pages\/2420\/revisions"}],"predecessor-version":[{"id":2430,"href":"https:\/\/eurowerkstatt-jena.de\/en\/wp-json\/wp\/v2\/pages\/2420\/revisions\/2430"}],"up":[{"embeddable":true,"href":"https:\/\/eurowerkstatt-jena.de\/en\/wp-json\/wp\/v2\/pages\/2372"}],"wp:attachment":[{"href":"https:\/\/eurowerkstatt-jena.de\/en\/wp-json\/wp\/v2\/media?parent=2420"}],"curies":[{"name":"wp","href":"https:\/\/api.w.org\/{rel}","templated":true}]}}