{"id":2402,"date":"2020-04-30T10:31:23","date_gmt":"2020-04-30T08:31:23","guid":{"rendered":"http:\/\/eurowerkstatt-jena.de\/?page_id=2402"},"modified":"2020-04-30T10:31:23","modified_gmt":"2020-04-30T08:31:23","slug":"als-ungarische-freiwillige-in-deutschland","status":"publish","type":"page","link":"https:\/\/eurowerkstatt-jena.de\/en\/hosting\/volunteers-experiences\/als-ungarische-freiwillige-in-deutschland\/","title":{"rendered":"Als ungarische Freiwillige in Deutschland"},"content":{"rendered":"<p>Ich bin Zsuzsanna Szab\u00f3 und komme aus der N\u00e4he von Debrecen im Osten Ungarns. Im Februar 2013 bin ich in Deutschland angekommen, um mein EFD-Jahr (Europ\u00e4ischer Freiwilligendienst) in Jena zu verbringen. Zuvor hatte ich mich mit der Unterst\u00fctzung von http:\/\/www.VoluNation.com \u00fcber die M\u00f6glichkeiten eines Freiwilligendienstes informiert. Ich habe mich nach meinem Studium entschieden, mit Kindern und Jugendlichen zu arbeiten und nicht im Marketingbereich, wie vorher geplant.<\/p>\n\n\n\n<div class=\"wp-block-image\"><figure class=\"aligncenter\"><img loading=\"lazy\" decoding=\"async\" width=\"320\" height=\"212\" src=\"http:\/\/eurowerkstatt-jena.de\/wp-content\/uploads\/2020\/04\/grafik-18.png\" alt=\"\" class=\"wp-image-2403\" srcset=\"https:\/\/eurowerkstatt-jena.de\/wp-content\/uploads\/2020\/04\/grafik-18.png 320w, https:\/\/eurowerkstatt-jena.de\/wp-content\/uploads\/2020\/04\/grafik-18-300x199.png 300w\" sizes=\"auto, (max-width: 320px) 85vw, 320px\" \/><\/figure><\/div>\n\n\n\n<p>Bildungs-\nund Kulturangebote f\u00fcr Jenaer Schulen<br>\nMein Arbeitsplatz befand sich im Jugendbildungs- und Begegnungszentrum polaris\nim Stadtteil Jena-Nord, einem zunehmend wachsenden Stadtteil, in welchem in den\nvergangenen Jahren die Anzahl der Kinder und Jugendlichen stark gestiegen ist.\nZu Beginn begleitete ich verschiedene Projekte mit Jenaer Schulen und\nNachmittagsangeboten. Die schulischen Angebote reichen von der Bildungsarbeit\n(Demokratieerziehung, Suchtpr\u00e4vention, Gesundes Leben) \u00fcber die Arbeit mit\nMedien (Video, Fotografie, H\u00f6rspiele) bis hin zur Kulturarbeit (Theater, Kunst,\nLiteratur). Am Nachmittag k\u00f6nnen Jugendliche sportliche oder kreative Angebote,\nwie z. B. Capoeira Angola, Kung Fu, Maskenspiel oder Musikworkshops im Haus\nwahrnehmen. So konnte ich sowohl zu den Mitarbeitern als auch zu den\njugendlichen Besuchern eine Vertrauensbasis aufbauen. Au\u00dferdem war ich immer in\nunserem offenen Bereich mit Jugendlichen t\u00e4tig. Wir haben beim\nFair-Trade-Koch-Workshop zusammen gekocht, gespielt und Kreatives gebaut und\ngemalt.<\/p>\n\n\n\n<p><strong>Gummib\u00e4rchen\nund Pralinen selber machen<\/strong><br>\nNach der Eingew\u00f6hnungsphase sollte ich entsprechend meiner F\u00e4higkeiten und\nFertigkeiten eigene Projekte organisieren und durchf\u00fchren. In den Osterferien\nhabe ich mit zwei Freiwilligen und Mitarbeitern u. a. an folgenden Projekten\ngearbeitet: &nbsp;Ostercashing, eine 3-t\u00e4gige Abenteuertour, um die verborgenen\nSch\u00e4tze Jenas zu erkunden, Gummib\u00e4rchentag und Pralinenmanufaktur, bei denen\ndie Kinder und Jugendlichen selber S\u00fc\u00dfigkeiten herstellen k\u00f6nnen.<br>\nIn den Sommerferien hatte ich eine eigene Woche, in der ich z. B. jeweils einen\nBeauty-, Cocktail-, Chill-Out- und Ungarn-Tag organisiert habe. Ich hatte\nGelegenheit, w\u00e4hrend des Internationalen Jugendcamps einen Fotoworkshop mit\nrum\u00e4nischen und deutschen Jugendlichen zu machen.<\/p>\n\n\n\n<p><strong>Drei Tage\nKunst-Workshop f\u00fcr Jenaer Jugendliche<\/strong><br>\nAls eigenes Projekt meines EFD-Jahres habe ich einen 3-t\u00e4gigen K\u00fcnstlerworkshop\nf\u00fcr Jugendliche mit einem ungarischen und einem deutschen K\u00fcnstler organisiert,\nbei dem die Jugendlichen den Umgang mit verschiedenen Kunstformen und Materialien\nlernten. Ebenso sollte ein Austausch zwischen K\u00fcnstlern entstehen, wobei die\nungarische Kultur im Vordergrund stand. &nbsp;Eingeladen waren als\nWorkshop-Leiter ein ungarischer K\u00fcnstler sowie ein hier ans\u00e4ssiger Maler.\nTeilnehmer waren internationale Studenten und Jugendliche aus Jena. Die anfangs\nbestehenden Sprachbarrieren wurden schnell \u00fcberwunden, denn Kunst geschieht\nauch ohne Worte. Die Gruppe besch\u00e4ftigte sich intensiv mit Stencil Art. Dabei\nwerden&nbsp; Schablonen mit verschiedenen Motiven ausgeschnitten, \u00fcbereinander\ngelegt und anschlie\u00dfend besprayt. So entstehen neue M\u00f6glichkeiten, Bilder\nmiteinander zu kombinieren und ein komplett neues Kunstwerk zu erschaffen.\nZus\u00e4tzlich gab es noch die M\u00f6glichkeit, als Maler t\u00e4tig zu werden.<br>\nW\u00e4hrend dieses Jahres habe ich eine Website entwickelt und mich mit\n\u00d6ffentlichkeitsarbeit besch\u00e4ftigt, z. B. beim Gestalten von Plakaten. Mit neun\nFreiwilligen aus Jena haben wir das Freiwilligenfestival \u201eVolunteers for Fair\nEurope\u201c organisiert, bei dem ich einen Stofftaschengraffiti-Workshop angeboten\nhabe. Mit meiner Medien AG haben wir das ganze Jahr \u00fcber viele Fotos, Videos\nund Interviews geschafft.<\/p>\n\n\n\n<p><strong>Jugendsozialarbeit\nin Deutschland kennengelernt<\/strong><br>\nGleichzeitig lernte ich dieses Jahr die soziale Arbeit mit Jugendlichen in Deutschland\nkennen und konnte meine beruflichen und privaten Fertigkeiten ausbauen. Durch\ndieses Jahr konnte ich die Kultur und Sprache meines Landes Ungarn in den\nAlltag der Einrichtung einbringen. Ich hoffe, dass ich im Rahmen meines\neurop\u00e4ischen Freiwilligendienstes das Interesse f\u00fcr andere Kulturen in den\nJugendlichen wecken konnte.<\/p>\n\n\n\n<p><strong>\u00dcber\nVoluNation<\/strong><br>\nVoluNation ist Spezialist f\u00fcr weltweite Freiwilligenarbeit. Neben einem\numfassenden Beratungsangebot bietet VoluNation kurzfristig buchbare\nFreiwilligenprojekte in mehreren Staaten Afrikas, Asiens und Lateinamerikas an.\nWeitere Informationen sind im Internet unter&nbsp;<a href=\"http:\/\/www.volunation.com\/\" target=\"_blank\" rel=\"noreferrer noopener\">http:\/\/www.VoluNation.com<\/a>&nbsp;erh\u00e4ltlich.<\/p>","protected":false},"excerpt":{"rendered":"<p>Von Zsuzsanna aus Ungarn <\/p>","protected":false},"author":1,"featured_media":0,"parent":2372,"menu_order":12,"comment_status":"closed","ping_status":"closed","template":"page-templates\/grid-page.php","meta":{"give_campaign_id":0,"footnotes":""},"class_list":["post-2402","page","type-page","status-publish","hentry"],"campaignId":"","_links":{"self":[{"href":"https:\/\/eurowerkstatt-jena.de\/en\/wp-json\/wp\/v2\/pages\/2402","targetHints":{"allow":["GET"]}}],"collection":[{"href":"https:\/\/eurowerkstatt-jena.de\/en\/wp-json\/wp\/v2\/pages"}],"about":[{"href":"https:\/\/eurowerkstatt-jena.de\/en\/wp-json\/wp\/v2\/types\/page"}],"author":[{"embeddable":true,"href":"https:\/\/eurowerkstatt-jena.de\/en\/wp-json\/wp\/v2\/users\/1"}],"replies":[{"embeddable":true,"href":"https:\/\/eurowerkstatt-jena.de\/en\/wp-json\/wp\/v2\/comments?post=2402"}],"version-history":[{"count":1,"href":"https:\/\/eurowerkstatt-jena.de\/en\/wp-json\/wp\/v2\/pages\/2402\/revisions"}],"predecessor-version":[{"id":2404,"href":"https:\/\/eurowerkstatt-jena.de\/en\/wp-json\/wp\/v2\/pages\/2402\/revisions\/2404"}],"up":[{"embeddable":true,"href":"https:\/\/eurowerkstatt-jena.de\/en\/wp-json\/wp\/v2\/pages\/2372"}],"wp:attachment":[{"href":"https:\/\/eurowerkstatt-jena.de\/en\/wp-json\/wp\/v2\/media?parent=2402"}],"curies":[{"name":"wp","href":"https:\/\/api.w.org\/{rel}","templated":true}]}}