{"id":2393,"date":"2020-04-30T10:26:32","date_gmt":"2020-04-30T08:26:32","guid":{"rendered":"http:\/\/eurowerkstatt-jena.de\/?page_id=2393"},"modified":"2020-04-30T10:26:32","modified_gmt":"2020-04-30T08:26:32","slug":"nach-einem-jahr-in-jena","status":"publish","type":"page","link":"https:\/\/eurowerkstatt-jena.de\/en\/hosting\/volunteers-experiences\/nach-einem-jahr-in-jena\/","title":{"rendered":"Nach einem Jahr in Jena\u2026"},"content":{"rendered":"<p>Es ist, als w\u00e4re ich um f\u00fcnf Jahre \u00e4lter geworden. Nach diesem einen Jahr.<br>\nEs hat mich unz\u00e4hlige unglaubliche Momente beschert, hat mich unendlich viel\nbereichert.<br>\nAm Anfang hat man sich noch alles ganz anders vorgestellt, als es dann\ntats\u00e4chlich geworden ist. Das ganze Jahr war aber im Endeffekt ein wundervolles\nErlebnis, ein bunter Mix aus Freude und Trauer, aus gelungenen und weniger\ngelungenen Momenten, es war ein Jahr voller Erwartungen und Risiken, von denen\nsich einige sogar ausgezahlt haben.<br>\nNat\u00fcrlich waren es vorwiegend Menschen, die dieses Jahr so wundervoll gemacht\nhaben. Jetzt, nach einem einzigen Jahr kann ich mit Sicherheit sagen, was jeder\nEinzelne in meinem Umfeld wert ist, und was es wert ist, dass jemand an deiner\nSeite steht, auch wenn du mal nicht perfekt bist. Das Jahr hat mir gezeigt, wie\nsich alles \u00e4ndert, ohne dass wir es wirklich wollen. Es hat mir ganz deutlich\nvor Augen gef\u00fchrt, wie schnell sich das Blatt wendet.<\/p>\n\n\n\n<p>Die Arbeit mit Jugendlichen hat mich insofern bereichert, als ich nun Vieles\naus meiner eigenen Jugendzeit viel besser nachvollziehen kann. Ich habe mit und\nvon Jugendlichen gelernt, sie haben mir sehr viel Wertvolles mit auf den Weg\ngegeben. Ich habe es ihnen zu verdanken, dass ich jetzt sehr viele Sachen mit\nHumor nehmen kann; dass man immer ein Kind sein kann, auch wenn man schon erste\nFalten oder graue Haare hat; dass man manchmal nun wirklich \u201ekeinen Bock auf\netwas hat\u201c, und dass es absolut normal ist; dass man immer noch wie ein Kind\ndenken und handeln kann, wenn man es eben so will; dass man seine Meinung offen\n\u00e4u\u00dfert und dass man \u00fcber die Dinge redet, die einen bewegen. Die \u201eKids\u201c waren\nwohl die wichtigsten Menschen, die mich in diesem Jahr begleitet haben.<br>\nEs waren aber auch all diejenigen, mit denen ich oft die Zeit verbracht habe,\ndie anderen Freiwilligen, mit denen wir zusammen gewohnt haben. Es waren auch\nMenschen, mit denen ich zusammen gearbeitet habe. Es war im Grunde jeder, den\nich hier- in welchem Kontext auch immer- kennengelernt habe.<\/p>\n\n\n\n<p><br>\nDieses Jahr war eine der besten M\u00f6glichkeiten, mich selbst besser\nkennenzulernen und zu verstehen, was und wer mir wichtig ist. Auf Zeit zu\nbauen, war doch die richtige Entscheidung, denn sie hat gezeigt, was bleibt und\nwas vor\u00fcbergeht.<br>\nDie Erfahrung hat sich gelohnt, und ich w\u00fcrde es jedem weiterempfehlen, sich\nsofort auf den Weg zu machen und einfach der Zeit zu trauen!<\/p>","protected":false},"excerpt":{"rendered":"<p>Von Uliana aus Russland <\/p>","protected":false},"author":1,"featured_media":0,"parent":2372,"menu_order":9,"comment_status":"closed","ping_status":"closed","template":"page-templates\/grid-page.php","meta":{"give_campaign_id":0,"footnotes":""},"class_list":["post-2393","page","type-page","status-publish","hentry"],"campaignId":"","_links":{"self":[{"href":"https:\/\/eurowerkstatt-jena.de\/en\/wp-json\/wp\/v2\/pages\/2393","targetHints":{"allow":["GET"]}}],"collection":[{"href":"https:\/\/eurowerkstatt-jena.de\/en\/wp-json\/wp\/v2\/pages"}],"about":[{"href":"https:\/\/eurowerkstatt-jena.de\/en\/wp-json\/wp\/v2\/types\/page"}],"author":[{"embeddable":true,"href":"https:\/\/eurowerkstatt-jena.de\/en\/wp-json\/wp\/v2\/users\/1"}],"replies":[{"embeddable":true,"href":"https:\/\/eurowerkstatt-jena.de\/en\/wp-json\/wp\/v2\/comments?post=2393"}],"version-history":[{"count":1,"href":"https:\/\/eurowerkstatt-jena.de\/en\/wp-json\/wp\/v2\/pages\/2393\/revisions"}],"predecessor-version":[{"id":2394,"href":"https:\/\/eurowerkstatt-jena.de\/en\/wp-json\/wp\/v2\/pages\/2393\/revisions\/2394"}],"up":[{"embeddable":true,"href":"https:\/\/eurowerkstatt-jena.de\/en\/wp-json\/wp\/v2\/pages\/2372"}],"wp:attachment":[{"href":"https:\/\/eurowerkstatt-jena.de\/en\/wp-json\/wp\/v2\/media?parent=2393"}],"curies":[{"name":"wp","href":"https:\/\/api.w.org\/{rel}","templated":true}]}}