{"id":2391,"date":"2020-04-30T10:25:23","date_gmt":"2020-04-30T08:25:23","guid":{"rendered":"http:\/\/eurowerkstatt-jena.de\/?page_id=2391"},"modified":"2020-04-30T10:25:23","modified_gmt":"2020-04-30T08:25:23","slug":"ich-in-jena","status":"publish","type":"page","link":"https:\/\/eurowerkstatt-jena.de\/en\/hosting\/volunteers-experiences\/ich-in-jena\/","title":{"rendered":"Ich in Jena"},"content":{"rendered":"<p>Hallo zusammen meine Name ist Oleksii Mesich. Ich komme aus der Ukraine und\nich habe meine Europ\u00e4ische Freiwilligendienst in Eurowerkstatt gemacht, Ort\nJena. Das war eine bester Jahre f\u00fcr meine Leben. Was ich habe aus gute Sachen\ngefunden, was du kannst deine Feld zu bauen etwas gr\u00f6\u00dfe in deine Leben finden\n(wie war das f\u00fcr mich). Auch was gute ist, du kannst da so viele Freundin und\nFreunde von ganze Welt dann haben) Lernen Deutsche Sprache, probieren die\nbester W\u00fcrstchen und Bier, weil das wirklich sehr lecker ist ????\nauch du kannst in Europa reisen. Da du kannst raus aus der Routine gehen, weil\nda immer etwas neues ist zu tun. Da du kannst deine Ziel in Leben finden, und\nnach dieser Jahr du kannst das weiter machen bis das fertig ist oder etwas\nneues zu finden weil dann du hast so viele Ideen in deinem Kopf. Wenn du da\nbist, ich denke, diese Weg ist besser M\u00f6glichkeit zum wechseln deine Leben.<\/p>\n\n\n\n<p>Keine schlechten Sachen ich hab gefunden. Alles war fair, Alles war gut bei\norganisatorische Momente, f\u00fcr das ich sage danke f\u00fcr unsere Eurowerkstatt\nwirklich gut, wirklich qualitativ und super gemacht ????\nDanke noch mal f\u00fcr alles was haben Sie f\u00fcr meine Jahr, f\u00fcr uns gemacht! Ich\nm\u00f6chte noch mal danke f\u00fcr Andreas (meine Tutor) sagen. Zu erst Zeit er war wie\nmein Papa f\u00fcr mich da, und ja das stimmt ist ???? Dankeeeee f\u00fcr euch !<\/p>\n\n\n\n<p>Ich hab nat\u00fcrlich viele Menschen gelernt, und alle sind gut, sehr freundlich\nund warme Menschen. Immer mit L\u00e4cheln, immer freundlich !<\/p>\n\n\n\n<p>Wer hat mich geinspiriert? Ich finde das immer funny, weil niemand au\u00dfer dich\ndas machen kann! Jemand kann nur helfen aber im anderes inspirieren Sie sich\nalleine! Und Motivation Sie finden auch alleine, du musst nur ein Wunsch haben,\nund dann du bist st\u00e4rkster Mensch \u00fcberall!<\/p>\n\n\n\n<p>Meine Trainer aus Minsk, ich muss auch danke f\u00fcr sie sagen, wegen ihr ich\nbin da jetzt! Sie ist meine zweite Mama! Ihre Name ist Olga Patseeva!\n\nNach diese Jahr ich ziehe nach Erfurt f\u00fcr meine FSJ.\nIch m\u00f6chte weiter meine Ziel machen, ich m\u00f6chte weiter in meine Feld\nentwickeln! Das hoffe ich was sehen wir uns noch mal, aber im dieses mal mit\nneuen Freiwilligen!<br>\nDanke Eurowerkstatt!\n\n\n\n<\/p>","protected":false},"excerpt":{"rendered":"<p>Von Oleksii aus der Ukraine <\/p>","protected":false},"author":1,"featured_media":0,"parent":2372,"menu_order":8,"comment_status":"closed","ping_status":"closed","template":"page-templates\/grid-page.php","meta":{"give_campaign_id":0,"footnotes":""},"class_list":["post-2391","page","type-page","status-publish","hentry"],"campaignId":"","_links":{"self":[{"href":"https:\/\/eurowerkstatt-jena.de\/en\/wp-json\/wp\/v2\/pages\/2391","targetHints":{"allow":["GET"]}}],"collection":[{"href":"https:\/\/eurowerkstatt-jena.de\/en\/wp-json\/wp\/v2\/pages"}],"about":[{"href":"https:\/\/eurowerkstatt-jena.de\/en\/wp-json\/wp\/v2\/types\/page"}],"author":[{"embeddable":true,"href":"https:\/\/eurowerkstatt-jena.de\/en\/wp-json\/wp\/v2\/users\/1"}],"replies":[{"embeddable":true,"href":"https:\/\/eurowerkstatt-jena.de\/en\/wp-json\/wp\/v2\/comments?post=2391"}],"version-history":[{"count":1,"href":"https:\/\/eurowerkstatt-jena.de\/en\/wp-json\/wp\/v2\/pages\/2391\/revisions"}],"predecessor-version":[{"id":2392,"href":"https:\/\/eurowerkstatt-jena.de\/en\/wp-json\/wp\/v2\/pages\/2391\/revisions\/2392"}],"up":[{"embeddable":true,"href":"https:\/\/eurowerkstatt-jena.de\/en\/wp-json\/wp\/v2\/pages\/2372"}],"wp:attachment":[{"href":"https:\/\/eurowerkstatt-jena.de\/en\/wp-json\/wp\/v2\/media?parent=2391"}],"curies":[{"name":"wp","href":"https:\/\/api.w.org\/{rel}","templated":true}]}}