{"id":2389,"date":"2020-04-30T10:24:29","date_gmt":"2020-04-30T08:24:29","guid":{"rendered":"http:\/\/eurowerkstatt-jena.de\/?page_id=2389"},"modified":"2020-04-30T10:24:29","modified_gmt":"2020-04-30T08:24:29","slug":"macht-einen-europaeischen-freiwilligendienst","status":"publish","type":"page","link":"https:\/\/eurowerkstatt-jena.de\/en\/hosting\/volunteers-experiences\/macht-einen-europaeischen-freiwilligendienst\/","title":{"rendered":"Macht einen europ\u00e4ischen Freiwilligendienst!"},"content":{"rendered":"<p>Europ\u00e4ischer Freiwilligendienst oder jetzt nennt man das Europ\u00e4isches\nSolidarit\u00e4tskorps hat w\u00e4hrend dieses Jahres hat mir wirklich viel geben.\nDar\u00fcber kann man sehr lange Zeit erz\u00e4hlen und sich an gute Momente erinnern.<br>\nF\u00fcr mich war das nicht so schwierig um das Jena zu erreichen, da ich schon in\nWeimar ein Sprachkurs gemacht habe und w\u00e4hrend dieser Zeit hatte ich die\nM\u00f6glichkeit einmal das Jena zu besuchen. Am Busbahnhof mit einem sch\u00f6nen Name-Paradies\nwurde ich von den Vereinsmitgliedern und einigen Freiwilligen herzlich begr\u00fc\u00dft.\nErster Monat war sehr vielf\u00e4ltig, bunt und interessant, da wir mit anderen\nFreiwilligen viele Veranstaltungen besucht haben, die f\u00fcr uns organisiert\nwurden und f\u00fcr die ich sehr dankbar bin. Au\u00dfer das haben wir nicht nur\nVeranstaltungen, sondern verschiedene Aktivit\u00e4ten auch, die ich auch\ninteressant fand. Das war eine echt gute M\u00f6glichkeit mit neuen Leute aus\nverschiedenen L\u00e4ndern kennenzulernen und den Bekanntenkreis zu erweitern.<\/p>\n\n\n\n<p>Die Stadt Jena ist ziemlich klein, aber ich habe in einem Monat mehr\nBekannten und Freunde gehabt als in meiner Heimatstadt in drei Jahren, die\nzehnmal gr\u00f6\u00dfer als Jena ist. Mit vielen Bekannten und Freunden das war schon\neinfacher hier zu wohnen und sich wohl zu f\u00fchlen. Eurowerkstatt hat uns auch\nsehr gut bei der Sprachanpassung durch<br>\nSprachkurs geholfen. Au\u00dfer das haben wir auch Online-Plattform, die Online\nLinguistic Support hei\u00dft, wo wir unsere Sprachkenntnisse allein zu Hause mit\ndem Laptop weiterentwickeln k\u00f6nnen.<\/p>\n\n\n\n<p>Seit Oktober begann schon die Arbeit im Projekt und das war interessant und\nvielf\u00e4ltig, weil du jeden Tag verschiedene Aufgaben triffst, die deine\nF\u00e4higkeiten in verschiedenen Bereichen entwickeln k\u00f6nnen. Meine Aufgaben waren:\nKoordinierung und Unterst\u00fctzung des internationalen Austauschs, Durchf\u00fchrung\nvon Veranstaltungen und sozialen Projekten, der<br>\nEinbau von Google-Diensten in die B\u00fcroadministration, die Pflege von\n\u00f6ffentlichen Medienpr\u00e4senzen sowie die Administration der B\u00fcrosoftware,\nOLS-Plattform durch Seminare f\u00f6rdern, die Freiwilligen informieren und\nunterst\u00fctzen. An der Arbeit war immer viel zu tun deswegen war keine Zeit um zu\nlangweilen.<\/p>\n\n\n\n<p>Ich finde dieses Jahr war f\u00fcr mich sehr n\u00fctzlich, effektiv, und\nerfahrungsreich. Ich kann jetzt besser mit den Menschen aus verschiedenen\nL\u00e4ndern in verschiedenen Sprachen kommunizieren<br>\nund sie einfacher verstehen. Eurowerkstatt hat f\u00fcr uns viele tolle\nVeranstaltungen organisiert wof\u00fcr bin sehr Dankbar, weil es wichtig ist, nicht\nnur in Orientierungswochen etwas zusammen machen, sondern nach diesen Wochen\nauch, damit wir alle im besten Kontakt bleiben k\u00f6nnten.<\/p>\n\n\n\n<p>Ich m\u00f6chte auch noch Mal vielen Dank an allen sagen, die mir w\u00e4hrend dieses\nJahres geholfen haben. Jetzt kenne ich pers\u00f6nlich viele gute Leute aus\nverschiedenen L\u00e4ndern, mit denen ich sehr gut Zeit verbringen kann und die mir\ngerne helfen oder etwas raten k\u00f6nnen. Es ist echt super, wenn du zum Beispiel\nirgendwohin Reisen willst und in diesem Land gibt es Leute, die dich gerne\nnochmal treffen m\u00f6chten.\n\nIch empfehle allen ein Europ\u00e4ischen Freiwilligendienst\nzu machen, die viel Neues aus dem Leben bekommen m\u00f6chten und sein Leben\nver\u00e4ndern m\u00f6chten. Das ist sehr wertvolle M\u00f6glichkeit, die euch erm\u00f6glicht,\neine neue Welt f\u00fcr sich selbst zu entdecken. Diese Erfahrung kann man nicht mit\netwas vergleichen, das muss jeder selbst erleben und verstehen, wie wertvoll\ndas war. H\u00f6r auf zu \u00fcberlegen- Mach einfach ein Europ\u00e4ischen\nFreiwilligendienst!!!\n\n\n\n<\/p>","protected":false},"excerpt":{"rendered":"<p>Von Nikita au Russland<\/p>","protected":false},"author":1,"featured_media":0,"parent":2372,"menu_order":7,"comment_status":"closed","ping_status":"closed","template":"page-templates\/grid-page.php","meta":{"give_campaign_id":0,"footnotes":""},"class_list":["post-2389","page","type-page","status-publish","hentry"],"campaignId":"","_links":{"self":[{"href":"https:\/\/eurowerkstatt-jena.de\/en\/wp-json\/wp\/v2\/pages\/2389","targetHints":{"allow":["GET"]}}],"collection":[{"href":"https:\/\/eurowerkstatt-jena.de\/en\/wp-json\/wp\/v2\/pages"}],"about":[{"href":"https:\/\/eurowerkstatt-jena.de\/en\/wp-json\/wp\/v2\/types\/page"}],"author":[{"embeddable":true,"href":"https:\/\/eurowerkstatt-jena.de\/en\/wp-json\/wp\/v2\/users\/1"}],"replies":[{"embeddable":true,"href":"https:\/\/eurowerkstatt-jena.de\/en\/wp-json\/wp\/v2\/comments?post=2389"}],"version-history":[{"count":1,"href":"https:\/\/eurowerkstatt-jena.de\/en\/wp-json\/wp\/v2\/pages\/2389\/revisions"}],"predecessor-version":[{"id":2390,"href":"https:\/\/eurowerkstatt-jena.de\/en\/wp-json\/wp\/v2\/pages\/2389\/revisions\/2390"}],"up":[{"embeddable":true,"href":"https:\/\/eurowerkstatt-jena.de\/en\/wp-json\/wp\/v2\/pages\/2372"}],"wp:attachment":[{"href":"https:\/\/eurowerkstatt-jena.de\/en\/wp-json\/wp\/v2\/media?parent=2389"}],"curies":[{"name":"wp","href":"https:\/\/api.w.org\/{rel}","templated":true}]}}