{"id":2372,"date":"2020-04-30T10:10:56","date_gmt":"2020-04-30T08:10:56","guid":{"rendered":"http:\/\/eurowerkstatt-jena.de\/?page_id=2372"},"modified":"2023-06-06T12:25:31","modified_gmt":"2023-06-06T10:25:31","slug":"volunteers-experiences","status":"publish","type":"page","link":"https:\/\/eurowerkstatt-jena.de\/en\/hosting\/volunteers-experiences\/","title":{"rendered":"Volunteers&#8216; Experiences"},"content":{"rendered":"<p>You already checked out our hosting projects but you are still not quite sure if you should apply for a volunteering service in Jena? Maybe <a href=\"http:\/\/eurowerkstatt-jena.de\/en\/hosting\/volunteers-experiences\/das-einfuehrungsseminar\/\"><strong>the impressions of our current volunteer<\/strong><\/a> or the experiences of our former volunteers in Jena can give you a nice insight and convince you!<\/p>\n\n\n\n<p>Some of the texts are in\nGerman, but perhaps you can understand the imporant parts ????<\/p>\n\n\n\n<hr class=\"wp-block-separator has-css-opacity is-style-default\"\/>\n\n\n\n<blockquote class=\"wp-block-quote has-text-align-right is-layout-flow wp-block-quote-is-layout-flow\">\n<p class=\"has-text-align-center\"><a href=\"https:\/\/eurowerkstatt-jena.de\/en\/hosting\/volunteers-experiences\/meine-arbeit-in-einem-kindergarten\/\">MEINE ARBEIT IN EINEM KINDERGARTEN<\/a><\/p>\n\n\n\n<p class=\"has-text-align-center\">&#8222;Wenn man das Gef\u00fchl hat, dass man eine Hilfe ist und dass die Menschen die Arbeit und Hilfe als freiwillige sch\u00e4tzen\u2026&#8220;<\/p>\n<cite>Patricia aus Spanien<\/cite><\/blockquote>\n\n\n\n<blockquote class=\"wp-block-quote has-text-align-right is-layout-flow wp-block-quote-is-layout-flow\">\n<p class=\"has-text-align-center\"><a href=\"https:\/\/eurowerkstatt-jena.de\/en\/hosting\/volunteers-experiences\/my-year-as-a-volunteer-2\/\" target=\"_blank\" rel=\"noreferrer noopener\">MY YEAR AS A VOLUNTEER<\/a><\/p>\n\n\n\n<p class=\"has-text-align-center\">&#8222;To sum up this year I can say that it was all about learning and inner growth..&#8220;<\/p>\n<cite>Silvia from Spain<\/cite><\/blockquote>\n\n\n\n<blockquote class=\"wp-block-quote has-text-align-right is-layout-flow wp-block-quote-is-layout-flow\">\n<p class=\"has-text-align-center\"><a href=\"https:\/\/eurowerkstatt-jena.de\/en\/hosting\/volunteers-experiences\/our-year-together-in-jena\/\">OUR YEAR TOGETHER IN JENA<\/a><\/p>\n\n\n\n<p class=\"has-text-align-center\">&#8222;I\u2019m sure coming here has been one of the best choices I\u2019ve made&#8230;&#8220;<\/p>\n<cite>Roberta from Italy<\/cite><\/blockquote>\n\n\n\n<blockquote class=\"wp-block-quote has-text-align-right is-layout-flow wp-block-quote-is-layout-flow\">\n<p class=\"has-text-align-center\"><a href=\"https:\/\/eurowerkstatt-jena.de\/en\/hosting\/volunteers-experiences\/report-about-my-esc-in-jena\/\">REPORT ABOUT MY ESC IN JENA<\/a><\/p>\n\n\n\n<p class=\"has-text-align-center\">&#8222;Time ago, I had the idea to live abroad, and I really think that European Solidarity Corps is a big opportunity to do it&#8230;&#8220;<\/p>\n<cite>Raquel from Spain<\/cite><\/blockquote>\n\n\n\n<blockquote class=\"wp-block-quote has-text-align-right is-layout-flow wp-block-quote-is-layout-flow\">\n<p class=\"has-text-align-center\"><a href=\"https:\/\/eurowerkstatt-jena.de\/en\/hosting\/volunteers-experiences\/danke-jena\/\">DANKE JENA!<\/a><\/p>\n\n\n\n<p class=\"has-text-align-center\">&#8222;&#8230;it\u2019s the best way of build a big family&#8230;&#8220;<\/p>\n<cite>Pablo from Spain<\/cite><\/blockquote>\n\n\n\n<blockquote class=\"wp-block-quote has-text-align-right is-layout-flow wp-block-quote-is-layout-flow\">\n<p class=\"has-text-align-center\"><a href=\"https:\/\/eurowerkstatt-jena.de\/en\/hosting\/volunteers-experiences\/my-year-in-jena-my-year-in-klex\/\">MY YEAR IN JENA, MY YEAR IN KLEX<\/a><\/p>\n\n\n\n<p class=\"has-text-align-center\">&#8222;At the beginning of this project, I never expected to find people like those with whom I shared this wonderful experience&#8230;&#8220;<\/p>\n<cite>Monny from Italy<\/cite><\/blockquote>\n\n\n\n<blockquote class=\"wp-block-quote has-text-align-right is-layout-flow wp-block-quote-is-layout-flow\">\n<p class=\"has-text-align-center\"><a href=\"https:\/\/eurowerkstatt-jena.de\/en\/hosting\/volunteers-experiences\/my-year-as-a-table-tennis-coach-in-jena\/\">MY YEAR AS A TABLE TENNIS COACH IN JENA<\/a><\/p>\n\n\n\n<p class=\"has-text-align-center\">&#8222;Remembering the preparation and all the expectations from the trip to Germany, I was set up for a rather interesting and eventful year&#8230;&#8220;<\/p>\n<cite>Maya from Belarus<\/cite><\/blockquote>\n\n\n\n<blockquote class=\"wp-block-quote has-text-align-right is-layout-flow wp-block-quote-is-layout-flow\">\n<p class=\"has-text-align-center\"><a href=\"http:\/\/eurowerkstatt-jena.de\/en\/hosting\/volunteers-experiences\/my-year-as-a-volunteer\/\">MY YEAR AS A VOLUNTEER<\/a><\/p>\n\n\n\n<p class=\"has-text-align-center\">&#8222;The best thing I\u2019ve seen in Germany is of course the possibility of riding a bike and thousands of bike roads in the city&#8230;&#8220;<\/p>\n<cite>Ksenia from Russia<\/cite><\/blockquote>\n\n\n\n<blockquote class=\"wp-block-quote has-text-align-right is-layout-flow wp-block-quote-is-layout-flow\">\n<p class=\"has-text-align-center\"><a href=\"http:\/\/eurowerkstatt-jena.de\/en\/hosting\/volunteers-experiences\/volunteering-in-jena\/\">VOLUNTEERING IN JENA<\/a><\/p>\n\n\n\n<p class=\"has-text-align-center\">&#8222;&#8230; I have learned many tools about my studies of socio-cultural animation&#8230;&#8220;<\/p>\n<cite>Martina from Spain<\/cite><\/blockquote>\n\n\n\n<blockquote class=\"wp-block-quote has-text-align-right is-layout-flow wp-block-quote-is-layout-flow\">\n<p class=\"has-text-align-center\"><a href=\"http:\/\/eurowerkstatt-jena.de\/en\/hosting\/volunteers-experiences\/mein-jahr-als-freiwilliger-in-jena\/\">MEIN JAHR ALS FREIWILLIGER IN JENA<\/a><\/p>\n\n\n\n<p class=\"has-text-align-center\">&#8222;Mein Jahr war sehr verschieden&#8230;&#8220;<\/p>\n<cite>Evgenii aus Russland<\/cite><\/blockquote>\n\n\n\n<blockquote class=\"wp-block-quote has-text-align-right is-layout-flow wp-block-quote-is-layout-flow\">\n<p class=\"has-text-align-center\"><a href=\"http:\/\/eurowerkstatt-jena.de\/en\/hosting\/volunteers-experiences\/my-esc-in-jena-germany\/\">MY ESC IN JENA, GERMANY<\/a><\/p>\n\n\n\n<p class=\"has-text-align-center\">&#8222;All those doubts that I mentioned earlier, I dissolved them little by little in the first weeks of being in Jena&#8230;&#8220;<\/p>\n<cite>Edgar from Spain<\/cite><\/blockquote>\n\n\n\n<blockquote class=\"wp-block-quote has-text-align-right is-layout-flow wp-block-quote-is-layout-flow\">\n<p class=\"has-text-align-center\"><a href=\"http:\/\/eurowerkstatt-jena.de\/en\/hosting\/volunteers-experiences\/my-esc-report\/\">MY ESC REPORT<\/a><\/p>\n\n\n\n<p class=\"has-text-align-center\">&#8222;With my tasks, I have evolved as well. Now I have more confident and trust in myself&#8230;&#8220;<\/p>\n<cite>Berna from Turkey<\/cite><\/blockquote>\n\n\n\n<blockquote class=\"wp-block-quote has-text-align-right is-layout-flow wp-block-quote-is-layout-flow\">\n<p class=\"has-text-align-center\"><a href=\"http:\/\/eurowerkstatt-jena.de\/en\/hosting\/volunteers-experiences\/das-einfuehrungsseminar\/\">DAS EINF\u00dcHRUNGSSEMINAR (im Video)<\/a> <\/p>\n\n\n\n<p class=\"has-text-align-center\">&#8222;Erste Monate sind immer die schwierigste, besonders in einem anderen Land. Deswegen sollen alle Freiwillige an einem Einf\u00fcrungsseminar teilnehmen&#8230;&#8220;<\/p>\n<cite>Evgenii aus Russland<\/cite><\/blockquote>\n\n\n\n<blockquote class=\"wp-block-quote has-text-align-right is-layout-flow wp-block-quote-is-layout-flow\">\n<p class=\"has-text-align-center\"><a href=\"http:\/\/eurowerkstatt-jena.de\/en\/hosting\/volunteers-experiences\/mein-freiwilligendienst-im-klex\/\">MEIN FREIWILLIGENDIENST IM KLEX<\/a><\/p>\n\n\n\n<p class=\"has-text-align-center\">&#8222;&#8230; denn dieses Jahr wurde mir klar, was ich beruflich machen wollte, ich fand neue Freunde und versuchte mich in verschiedenen Bereichen&#8230;&#8220;<\/p>\n<cite>Anastasia aus Russland<\/cite><\/blockquote>\n\n\n\n<blockquote class=\"wp-block-quote has-text-align-right is-layout-flow wp-block-quote-is-layout-flow\">\n<p class=\"has-text-align-center\"><a href=\"http:\/\/eurowerkstatt-jena.de\/en\/hosting\/volunteers-experiences\/mein-jahr-in-jena\/\">MEIN JAHR IN JENA<\/a><\/p>\n\n\n\n<p class=\"has-text-align-center\">&#8222;Mein Deutsch hat sich auch verbessert und ich habe die C1 Pr\u00fcfung bestanden&#8230;&#8220;<\/p>\n<cite>Chlo\u00e9 aus Frankreich<\/cite><\/blockquote>\n\n\n\n<blockquote class=\"wp-block-quote has-text-align-right is-layout-flow wp-block-quote-is-layout-flow\">\n<p class=\"has-text-align-center\"><a href=\"http:\/\/eurowerkstatt-jena.de\/en\/hosting\/volunteers-experiences\/from-istanbul-to-jena\/\">FROM \u0130STANBUL TO JENA<\/a><\/p>\n\n\n\n<p class=\"has-text-align-center\">&#8222;I haven`t let my language barrier stop me&#8230;&#8220;<\/p>\n<cite>\u0130nci from Turkey<\/cite><\/blockquote>\n\n\n\n<blockquote class=\"wp-block-quote has-text-align-right is-layout-flow wp-block-quote-is-layout-flow\">\n<p class=\"has-text-align-center\"><a href=\"http:\/\/eurowerkstatt-jena.de\/en\/hosting\/volunteers-experiences\/one-year-in-jena\/\">ONE YEAR IN JENA<\/a><\/p>\n\n\n\n<p class=\"has-text-align-center\">&#8222;&#8230; we also have met new young people who is having similar experiences all around Germany and we have learnt about the EVS program and other interesting things&#8230;&#8220;<\/p>\n<cite>Marta from Spain<\/cite><\/blockquote>\n\n\n\n<blockquote class=\"wp-block-quote has-text-align-right is-layout-flow wp-block-quote-is-layout-flow\">\n<p class=\"has-text-align-center\"><a href=\"http:\/\/eurowerkstatt-jena.de\/en\/hosting\/volunteers-experiences\/my-esc-at-polaris\/\">MY ESC AT POLARIS<\/a><\/p>\n\n\n\n<p class=\"has-text-align-center\">&#8222;It was a year of discovering myself, who I really am and what I really want from my life&#8230;&#8220;<\/p>\n<cite>Merve from Turkey<\/cite><\/blockquote>\n\n\n\n<blockquote class=\"wp-block-quote has-text-align-right is-layout-flow wp-block-quote-is-layout-flow\">\n<p class=\"has-text-align-center\"><a href=\"http:\/\/eurowerkstatt-jena.de\/en\/hosting\/volunteers-experiences\/macht-einen-europaeischen-freiwilligendienst\/\">MACHT EINEN EUROP\u00c4ISCHEN FREIWILLIGENDIENST!<\/a><\/p>\n\n\n\n<p class=\"has-text-align-center\">&#8222;Ich empfehle allen ein Europ\u00e4ischen Freiwilligendienst zu machen, die viel Neues aus dem Leben bekommen m\u00f6chten und sein Leben ver\u00e4ndern m\u00f6chten&#8230;&#8220;<\/p>\n<cite>Nikita aus Russland<\/cite><\/blockquote>\n\n\n\n<blockquote class=\"wp-block-quote has-text-align-right is-layout-flow wp-block-quote-is-layout-flow\">\n<p class=\"has-text-align-center\"><a href=\"http:\/\/eurowerkstatt-jena.de\/en\/hosting\/volunteers-experiences\/ich-in-jena\/\">ICH IN JENA<\/a><\/p>\n\n\n\n<p class=\"has-text-align-center\">&#8222;Wenn du da bist, ich denke, diese Weg ist besser M\u00f6glichkeit zum wechseln deine Leben&#8230;&#8220;<\/p>\n<cite>Oleksii aus der Ukraine<\/cite><\/blockquote>\n\n\n\n<blockquote class=\"wp-block-quote has-text-align-right is-layout-flow wp-block-quote-is-layout-flow\">\n<p class=\"has-text-align-center\"><a href=\"http:\/\/eurowerkstatt-jena.de\/en\/hosting\/volunteers-experiences\/nach-einem-jahr-in-jena\/\">NACH EINEM JAHR IN JENA\u2026<\/a><\/p>\n\n\n\n<p class=\"has-text-align-center\">&#8222;Das Jahr hat mir gezeigt, wie sich alles \u00e4ndert, ohne dass wir es wirklich wollen&#8230;&#8220;<\/p>\n<cite>Uliana aus Russland<\/cite><\/blockquote>\n\n\n\n<blockquote class=\"wp-block-quote has-text-align-right is-layout-flow wp-block-quote-is-layout-flow\">\n<p class=\"has-text-align-center\"><a href=\"http:\/\/eurowerkstatt-jena.de\/en\/hosting\/volunteers-experiences\/my-evs-story\/\">MY EVS STORY<\/a><\/p>\n\n\n\n<p class=\"has-text-align-center\">&#8222;I\u2019m satisfied, i\u2019m proud of myself, this experience help me a lot with my personality and it will help for sure in the future too&#8230;&#8220;<\/p>\n<cite>Achraf from Tunisia<\/cite><\/blockquote>\n\n\n\n<blockquote class=\"wp-block-quote has-text-align-right is-layout-flow wp-block-quote-is-layout-flow\">\n<p class=\"has-text-align-center\"><a href=\"http:\/\/eurowerkstatt-jena.de\/en\/hosting\/volunteers-experiences\/ein-jahr-in-jena-1000-jahre-erfahrung\/\">EIN JAHR IN JENA = 1000 JAHRE ERFAHRUNG<\/a><\/p>\n\n\n\n<p class=\"has-text-align-center\">&#8222;Hier in Jena bekam ich auf dem Arbeitsplatz neue Herausforderungen&#8230;&#8220;<\/p>\n<cite>Uliana aus Russland<\/cite><\/blockquote>\n\n\n\n<blockquote class=\"wp-block-quote has-text-align-right is-layout-flow wp-block-quote-is-layout-flow\">\n<p class=\"has-text-align-center\"><a href=\"http:\/\/eurowerkstatt-jena.de\/en\/hosting\/volunteers-experiences\/als-ungarische-freiwillige-in-deutschland\/\">ALS UNGARISCHE FREIWILLIGE IN DEUTSCHLAND<\/a><\/p>\n\n\n\n<p class=\"has-text-align-center\">&#8222;Ich hoffe, dass ich im Rahmen meines europ\u00e4ischen Freiwilligendienstes das Interesse f\u00fcr andere Kulturen in den Jugendlichen wecken konnte&#8230;&#8220;<\/p>\n<cite>Zsuzsanna aus Ungarn<\/cite><\/blockquote>","protected":false},"excerpt":{"rendered":"<p>Volunteering in Jena<br \/>\n\u2013 impressions of our current volunteer<br \/>\n\u2013 experiences of our former volunteers<\/p>","protected":false},"author":1,"featured_media":1803,"parent":100,"menu_order":4,"comment_status":"closed","ping_status":"closed","template":"page-templates\/grid-page.php","meta":{"give_campaign_id":0,"footnotes":""},"class_list":["post-2372","page","type-page","status-publish","has-post-thumbnail","hentry"],"campaignId":"","_links":{"self":[{"href":"https:\/\/eurowerkstatt-jena.de\/en\/wp-json\/wp\/v2\/pages\/2372","targetHints":{"allow":["GET"]}}],"collection":[{"href":"https:\/\/eurowerkstatt-jena.de\/en\/wp-json\/wp\/v2\/pages"}],"about":[{"href":"https:\/\/eurowerkstatt-jena.de\/en\/wp-json\/wp\/v2\/types\/page"}],"author":[{"embeddable":true,"href":"https:\/\/eurowerkstatt-jena.de\/en\/wp-json\/wp\/v2\/users\/1"}],"replies":[{"embeddable":true,"href":"https:\/\/eurowerkstatt-jena.de\/en\/wp-json\/wp\/v2\/comments?post=2372"}],"version-history":[{"count":6,"href":"https:\/\/eurowerkstatt-jena.de\/en\/wp-json\/wp\/v2\/pages\/2372\/revisions"}],"predecessor-version":[{"id":3724,"href":"https:\/\/eurowerkstatt-jena.de\/en\/wp-json\/wp\/v2\/pages\/2372\/revisions\/3724"}],"up":[{"embeddable":true,"href":"https:\/\/eurowerkstatt-jena.de\/en\/wp-json\/wp\/v2\/pages\/100"}],"wp:featuredmedia":[{"embeddable":true,"href":"https:\/\/eurowerkstatt-jena.de\/en\/wp-json\/wp\/v2\/media\/1803"}],"wp:attachment":[{"href":"https:\/\/eurowerkstatt-jena.de\/en\/wp-json\/wp\/v2\/media?parent=2372"}],"curies":[{"name":"wp","href":"https:\/\/api.w.org\/{rel}","templated":true}]}}