{"id":1370,"date":"2018-06-08T20:32:21","date_gmt":"2018-06-08T18:32:21","guid":{"rendered":"http:\/\/eurowerkstatt-jena.de\/?page_id=1370"},"modified":"2018-06-08T20:32:21","modified_gmt":"2018-06-08T18:32:21","slug":"nun-ist-der-jugendaustausch-beendet","status":"publish","type":"page","link":"https:\/\/eurowerkstatt-jena.de\/en\/russisch\/projekte\/nun-ist-der-jugendaustausch-beendet\/","title":{"rendered":"NOW THE YOUTH EXCHANGE IS OVER"},"content":{"rendered":"<p>From 20.04 to 27.04, a youth exchange took place in Jena, within the framework of the Jena-Wladimir twin towns. The \u00dcAG Jena GmbH and the OMOO, the Euroklub Wladimir, were responsible for the preparation and implementation of the exchange, supported by the EuroWerkstatt Jena e.V.. The youth delegation consisted of members of the Euroclub, pupils from the \u211635 high school, students from Vladimir Medical College and Vladimir State University. The exchange was financed by the Foundation \"German-Russian Youth Exchange\" within the framework of the German-Russian Year of Municipal and Regional Partnership 2017\/2018 (http:\/\/www.russlandpartner.de\/).<\/p>\n<p>During their time in Germany, the visitors told the students of the State Vocational School (SBBS) for Health and Social Affairs about their home town of Vladimir. They visited the Friedlich Schiller University in Jena with a presentation about Vladimir, toured the Jena University Hospital and the Red Cross home for the elderly. Also on the programme was a visit to the Buchenwald concentration camp. In addition, they planted 250 trees near the city of Jena. Of course, the meeting with the German youth and international volunteers was not neglected.<\/p>\n<p>We hope that the participants enjoyed the trip and that they will not only take home souvenirs, but also many beautiful impressions. We look forward to another visit and exchange!<\/p>\n<p>Article by Nikolai Kaplenko. Translation by Johanna Grosser.<\/p>\n<p><img loading=\"lazy\" decoding=\"async\" class=\"alignnone size-full wp-image-1363\" src=\"http:\/\/eurowerkstatt-jena.de\/wp-content\/uploads\/2018\/05\/3.jpg\" alt=\"\" width=\"1280\" height=\"960\" srcset=\"https:\/\/eurowerkstatt-jena.de\/wp-content\/uploads\/2018\/05\/3.jpg 1280w, https:\/\/eurowerkstatt-jena.de\/wp-content\/uploads\/2018\/05\/3-300x225.jpg 300w, https:\/\/eurowerkstatt-jena.de\/wp-content\/uploads\/2018\/05\/3-768x576.jpg 768w, https:\/\/eurowerkstatt-jena.de\/wp-content\/uploads\/2018\/05\/3-1024x768.jpg 1024w, https:\/\/eurowerkstatt-jena.de\/wp-content\/uploads\/2018\/05\/3-507x380.jpg 507w\" sizes=\"auto, (max-width: 709px) 85vw, (max-width: 909px) 67vw, (max-width: 1362px) 62vw, 840px\" \/><\/p>","protected":false},"excerpt":{"rendered":"<p>Vom 20.04 bis zum 27.04 fand in Jena, im Rahmen der Partnerst\u00e4dte Jena-Wladimir, ein Jugendaustausch statt. F\u00fcr die Vorbereitung und Durchf\u00fchrung des Austausches waren die \u00dcAG Jena GmbH und der OMOO, der Euroklub Wladimir, zust\u00e4ndig, die EuroWerkstatt Jena e.V. unterst\u00fctzte sie. Die Jugenddelegation bestand aus Mitgliedern des Euroklubs, Sch\u00fcler des Gymnasiums \u211635, Studierende des medizinischen &hellip; <a href=\"https:\/\/eurowerkstatt-jena.de\/en\/russisch\/projekte\/nun-ist-der-jugendaustausch-beendet\/\" class=\"more-link\">Continue reading<span class=\"screen-reader-text\"> &#8222;NUN IST DER JUGENDAUSTAUSCH BEENDET&#8220;<\/span><\/a><\/p>","protected":false},"author":1,"featured_media":1363,"parent":1204,"menu_order":0,"comment_status":"closed","ping_status":"closed","template":"page-templates\/grid-page.php","meta":{"give_campaign_id":0,"footnotes":""},"class_list":["post-1370","page","type-page","status-publish","has-post-thumbnail","hentry"],"campaignId":"","_links":{"self":[{"href":"https:\/\/eurowerkstatt-jena.de\/en\/wp-json\/wp\/v2\/pages\/1370","targetHints":{"allow":["GET"]}}],"collection":[{"href":"https:\/\/eurowerkstatt-jena.de\/en\/wp-json\/wp\/v2\/pages"}],"about":[{"href":"https:\/\/eurowerkstatt-jena.de\/en\/wp-json\/wp\/v2\/types\/page"}],"author":[{"embeddable":true,"href":"https:\/\/eurowerkstatt-jena.de\/en\/wp-json\/wp\/v2\/users\/1"}],"replies":[{"embeddable":true,"href":"https:\/\/eurowerkstatt-jena.de\/en\/wp-json\/wp\/v2\/comments?post=1370"}],"version-history":[{"count":1,"href":"https:\/\/eurowerkstatt-jena.de\/en\/wp-json\/wp\/v2\/pages\/1370\/revisions"}],"predecessor-version":[{"id":1371,"href":"https:\/\/eurowerkstatt-jena.de\/en\/wp-json\/wp\/v2\/pages\/1370\/revisions\/1371"}],"up":[{"embeddable":true,"href":"https:\/\/eurowerkstatt-jena.de\/en\/wp-json\/wp\/v2\/pages\/1204"}],"wp:featuredmedia":[{"embeddable":true,"href":"https:\/\/eurowerkstatt-jena.de\/en\/wp-json\/wp\/v2\/media\/1363"}],"wp:attachment":[{"href":"https:\/\/eurowerkstatt-jena.de\/en\/wp-json\/wp\/v2\/media?parent=1370"}],"curies":[{"name":"wp","href":"https:\/\/api.w.org\/{rel}","templated":true}]}}