{"id":1338,"date":"2018-04-12T16:26:09","date_gmt":"2018-04-12T14:26:09","guid":{"rendered":"http:\/\/eurowerkstatt-jena.de\/?page_id=1338"},"modified":"2018-06-08T20:29:18","modified_gmt":"2018-06-08T18:29:18","slug":"erlangen-wladimir","status":"publish","type":"page","link":"https:\/\/eurowerkstatt-jena.de\/en\/russisch\/projekte\/erlangen-wladimir\/","title":{"rendered":"Erlangen-Wladimir"},"content":{"rendered":"<div id=\"header\">\n<h2>Established in 1983 as a sign of reconciliation and understanding between Germany and the Soviet Union, the twinning arrangement has received many awards, including the \"1st Prize for Civic Engagement in Russia\" in four categories by Federal President Johannes Rau in 2002, and praised by Gabriele Krone-Schmalz as a \"shining example\" of German-Russian cooperation.<\/h2>\n<\/div>\n<div id=\"feedarea\"><\/div>\n<p>https:\/\/erlangenwladimir.wordpress.com\/2018\/03\/27\/nur-nicht-unter-die-raeder-kommen\/<\/p>\n<p>https:\/\/erlangenwladimir.wordpress.com\/2018\/04\/02\/eine-woche-wie-daheim-in-erlangen\/<\/p>","protected":false},"excerpt":{"rendered":"<p>1983 als Zeichen der Vers\u00f6hnung und Verst\u00e4ndigung zwischen Deutschland und der Sowjetunion entstanden, wurde die St\u00e4dtepartnerschaft vielfach ausgezeichnet, u.a. im Jahr 2002 von Bundespr\u00e4sident Johannes Rau in vier Kategorien mit dem &#8222;1. Preis f\u00fcr b\u00fcrgerschaftliches Engagement in Ru\u00dfland&#8220;, und von Gabriele Krone-Schmalz als &#8222;leuchtendes Beispiel&#8220; deutsch-russischer Zusammenarbeit gelobt. https:\/\/erlangenwladimir.wordpress.com\/2018\/03\/27\/nur-nicht-unter-die-raeder-kommen\/ https:\/\/erlangenwladimir.wordpress.com\/2018\/04\/02\/eine-woche-wie-daheim-in-erlangen\/<\/p>","protected":false},"author":1,"featured_media":1340,"parent":1204,"menu_order":1,"comment_status":"closed","ping_status":"closed","template":"page-templates\/grid-page.php","meta":{"give_campaign_id":0,"footnotes":""},"class_list":["post-1338","page","type-page","status-publish","has-post-thumbnail","hentry"],"campaignId":"","_links":{"self":[{"href":"https:\/\/eurowerkstatt-jena.de\/en\/wp-json\/wp\/v2\/pages\/1338","targetHints":{"allow":["GET"]}}],"collection":[{"href":"https:\/\/eurowerkstatt-jena.de\/en\/wp-json\/wp\/v2\/pages"}],"about":[{"href":"https:\/\/eurowerkstatt-jena.de\/en\/wp-json\/wp\/v2\/types\/page"}],"author":[{"embeddable":true,"href":"https:\/\/eurowerkstatt-jena.de\/en\/wp-json\/wp\/v2\/users\/1"}],"replies":[{"embeddable":true,"href":"https:\/\/eurowerkstatt-jena.de\/en\/wp-json\/wp\/v2\/comments?post=1338"}],"version-history":[{"count":3,"href":"https:\/\/eurowerkstatt-jena.de\/en\/wp-json\/wp\/v2\/pages\/1338\/revisions"}],"predecessor-version":[{"id":1342,"href":"https:\/\/eurowerkstatt-jena.de\/en\/wp-json\/wp\/v2\/pages\/1338\/revisions\/1342"}],"up":[{"embeddable":true,"href":"https:\/\/eurowerkstatt-jena.de\/en\/wp-json\/wp\/v2\/pages\/1204"}],"wp:featuredmedia":[{"embeddable":true,"href":"https:\/\/eurowerkstatt-jena.de\/en\/wp-json\/wp\/v2\/media\/1340"}],"wp:attachment":[{"href":"https:\/\/eurowerkstatt-jena.de\/en\/wp-json\/wp\/v2\/media?parent=1338"}],"curies":[{"name":"wp","href":"https:\/\/api.w.org\/{rel}","templated":true}]}}