{"id":1320,"date":"2018-02-28T16:25:14","date_gmt":"2018-02-28T15:25:14","guid":{"rendered":"http:\/\/eurowerkstatt-jena.de\/?page_id=1320"},"modified":"2024-04-02T15:16:09","modified_gmt":"2024-04-02T13:16:09","slug":"bundesfreiwilligendienst","status":"publish","type":"page","link":"https:\/\/eurowerkstatt-jena.de\/en\/mitmachen\/bundesfreiwilligendienst\/","title":{"rendered":"Bundesfreiwilligendienst"},"content":{"rendered":"<p class=\"p1\">Wir bieten zwei BFD-Stellen ab sofort an.<\/p>\n<p><span style=\"font-weight: 400;\">Bundesfreiwilligendienst (BFD) bei Eurowerkstatt Jena e.V.<\/span><\/p>\n<p><span style=\"font-weight: 400;\">Du suchst nach einer coolen und abwechslungsreichen Herausforderung? Dann haben wir das Richtige f\u00fcr Dich! Wir bieten eine Bundesfreiwilligendienststelle mit Fokus auf Internationale Jugendarbeit und Social Media. Hier sind die spannenden Aufgaben, die auf dich warten:<\/span><\/p>\n<ol>\n<li style=\"font-weight: 400;\" aria-level=\"1\"><span style=\"font-weight: 400;\">Public Relations &amp; Social Media:<\/span>\n<ul>\n<li style=\"font-weight: 400;\" aria-level=\"2\"><span style=\"font-weight: 400;\">Gestaltung der Homepage und Pflege der Social-Media-Kan\u00e4le (Instagram, TikTok, YouTube)<\/span><\/li>\n<li style=\"font-weight: 400;\" aria-level=\"2\"><span style=\"font-weight: 400;\">Kreative Projekte, wie zum Beispiel Interviews mit Freiwilligen, lustige TikToks und die Pr\u00e4sentation der Eurowerkstatt<\/span><\/li>\n<\/ul>\n<\/li>\n<li style=\"font-weight: 400;\" aria-level=\"1\"><span style=\"font-weight: 400;\">Unterst\u00fctzung bei Eventorganisation und -durchf\u00fchrung:<\/span>\n<ul>\n<li style=\"font-weight: 400;\" aria-level=\"2\"><span style=\"font-weight: 400;\">Mitwirkung bei Stammtischen und Events f\u00fcr die Freiwilligen<\/span><\/li>\n<li style=\"font-weight: 400;\" aria-level=\"2\"><span style=\"font-weight: 400;\">Kreative B\u00fcroprojekte wie eine Fotowand, Karte oder Gruppenfoto<\/span><\/li>\n<\/ul>\n<\/li>\n<li style=\"font-weight: 400;\" aria-level=\"1\"><span style=\"font-weight: 400;\">Gartenprojekte:<\/span>\n<ul>\n<li style=\"font-weight: 400;\" aria-level=\"2\"><span style=\"font-weight: 400;\">Gestaltung des internationalen Gartens in Kooperation mit den europ\u00e4ischen Freiwilligen und Unterst\u00fctzern des Vereins\u00a0<\/span><\/li>\n<\/ul>\n<\/li>\n<li style=\"font-weight: 400;\" aria-level=\"1\"><span style=\"font-weight: 400;\">Unterst\u00fctzung der Ankunft neuer Freiwilliger im September:<\/span>\n<ul>\n<li style=\"font-weight: 400;\" aria-level=\"2\"><span style=\"font-weight: 400;\">Unterst\u00fctzung der internationalen Freiwilligen bei der Bearbeitung organisatorischer Herausforderungen<\/span><\/li>\n<li style=\"font-weight: 400;\" aria-level=\"2\"><span style=\"font-weight: 400;\">Begleitung der Freiwilligen im Orientierungsmonat<\/span><\/li>\n<\/ul>\n<\/li>\n<li style=\"font-weight: 400;\" aria-level=\"1\"><span style=\"font-weight: 400;\">Sprachunterst\u00fctzung (bei Deutschkenntnissen):<\/span>\n<ul>\n<li style=\"font-weight: 400;\" aria-level=\"2\"><span style=\"font-weight: 400;\">\u00dcberpr\u00fcfung von \u00dcbersetzungen und Unterst\u00fctzung der Freiwilligen beim Erlernen der deutschen Sprache<\/span><\/li>\n<\/ul>\n<\/li>\n<li style=\"font-weight: 400;\" aria-level=\"1\"><span style=\"font-weight: 400;\">Kooperationen mit verschiedenen Projekten:<\/span>\n<ul>\n<li style=\"font-weight: 400;\" aria-level=\"2\"><span style=\"font-weight: 400;\">Aufbau und Pflege von Kooperationen mit Partnerprojekten<\/span><\/li>\n<\/ul>\n<\/li>\n<li style=\"font-weight: 400;\" aria-level=\"1\"><span style=\"font-weight: 400;\">Eigene Projekte:<\/span>\n<ul>\n<li style=\"font-weight: 400;\" aria-level=\"2\"><span style=\"font-weight: 400;\">Raum f\u00fcr die Umsetzung eigener kreativer Ideen\/Projekte<\/span><\/li>\n<\/ul>\n<\/li>\n<\/ol>\n<p><span style=\"font-weight: 400;\">Klingt spannend? Gern besprechen wir zusammen, welche der genannten Aufgaben du im Rahmen deines BFDs bei uns \u00fcbernehmen m\u00f6chtest. Wir suchen jemanden, der motiviert ist, mit viel Engagement bei uns einzusteigen. Wenn du Lust auf eine abwechslungsreiche Arbeit hast, freuen wir uns darauf, Dich kennenzulernen!<\/span><\/p>\n<p><span style=\"font-weight: 400;\">\u00a0Bewirb dich jetzt unter <span data-sheets-root=\"1\" data-sheets-value=\"{&quot;1&quot;:2,&quot;2&quot;:&quot;Post@eurowerkstatt-jena.de &quot;}\" data-sheets-userformat=\"{&quot;2&quot;:11073,&quot;3&quot;:{&quot;1&quot;:0},&quot;9&quot;:0,&quot;11&quot;:4,&quot;12&quot;:0,&quot;14&quot;:{&quot;1&quot;:3,&quot;3&quot;:1},&quot;16&quot;:10}\">Post@eurowerkstatt-jena.de <\/span> und werde Teil unseres Teams!<\/span><\/p>\n<div class=\"mceTemp\"><\/div>","protected":false},"excerpt":{"rendered":"<p>We offer two BFD positions, gladly also for people over 27 years of age<\/p>","protected":false},"author":1,"featured_media":1321,"parent":1093,"menu_order":4,"comment_status":"closed","ping_status":"closed","template":"page-templates\/grid-page.php","meta":{"give_campaign_id":0,"footnotes":""},"class_list":["post-1320","page","type-page","status-publish","has-post-thumbnail","hentry"],"campaignId":"","_links":{"self":[{"href":"https:\/\/eurowerkstatt-jena.de\/en\/wp-json\/wp\/v2\/pages\/1320","targetHints":{"allow":["GET"]}}],"collection":[{"href":"https:\/\/eurowerkstatt-jena.de\/en\/wp-json\/wp\/v2\/pages"}],"about":[{"href":"https:\/\/eurowerkstatt-jena.de\/en\/wp-json\/wp\/v2\/types\/page"}],"author":[{"embeddable":true,"href":"https:\/\/eurowerkstatt-jena.de\/en\/wp-json\/wp\/v2\/users\/1"}],"replies":[{"embeddable":true,"href":"https:\/\/eurowerkstatt-jena.de\/en\/wp-json\/wp\/v2\/comments?post=1320"}],"version-history":[{"count":10,"href":"https:\/\/eurowerkstatt-jena.de\/en\/wp-json\/wp\/v2\/pages\/1320\/revisions"}],"predecessor-version":[{"id":3887,"href":"https:\/\/eurowerkstatt-jena.de\/en\/wp-json\/wp\/v2\/pages\/1320\/revisions\/3887"}],"up":[{"embeddable":true,"href":"https:\/\/eurowerkstatt-jena.de\/en\/wp-json\/wp\/v2\/pages\/1093"}],"wp:featuredmedia":[{"embeddable":true,"href":"https:\/\/eurowerkstatt-jena.de\/en\/wp-json\/wp\/v2\/media\/1321"}],"wp:attachment":[{"href":"https:\/\/eurowerkstatt-jena.de\/en\/wp-json\/wp\/v2\/media?parent=1320"}],"curies":[{"name":"wp","href":"https:\/\/api.w.org\/{rel}","templated":true}]}}