{"id":1197,"date":"2017-12-07T16:03:53","date_gmt":"2017-12-07T15:03:53","guid":{"rendered":"http:\/\/eurowerkstatt-jena.de\/?page_id=1197"},"modified":"2020-05-12T16:15:20","modified_gmt":"2020-05-12T14:15:20","slug":"konzept-mixtour","status":"publish","type":"page","link":"https:\/\/eurowerkstatt-jena.de\/en\/russisch\/jugendbegegnung\/konzept-mixtour\/","title":{"rendered":"Concept MixTour"},"content":{"rendered":"<p><span style=\"font-size: medium;\">The aim of the measure is, on the one hand, to further strengthen our partner relations between Vladimir in Russia, to develop them and make them more sustainable. <\/span><\/p>\n<p><span style=\"font-size: medium;\">On the other hand, the participants should acquire media skills during the youth exchange. They should form their own picture of the other partner and then pass on these experiences in their home country. <\/span><\/p>\n<p><span style=\"font-size: medium;\">By working on a film together, we expect the young people to find a common language, to agree on themes and to enrich each other in the process. <\/span><span style=\"font-size: medium;\">Wir unterst\u00fctzen die Jugendlichen bei dem Erlernen des Umgangs mit einer Kamera, mit Fotografie-Wissen und nicht zuletzt \u00fcber journalistische Methoden beim Aufbereiten eines Films. Wir werden den Plot gemeinsam erarbeiten und schreiben. Gleichzeitig unterst\u00fctzen wir die Jugendlichen beim Aufeinanderzugehen, bei Toleranz und Akzeptanz den anderen gegen\u00fcber. <\/span><\/p>\n<p lang=\"de-DE\" align=\"JUSTIFY\"><span style=\"font-size: medium;\"><b>Method<\/b><\/span><\/p>\n<p lang=\"de-DE\" align=\"JUSTIFY\">The young people are divided into mixed groups, each of which is dedicated to one topic.<\/p>\n<p lang=\"de-DE\" align=\"JUSTIFY\">1. the young people conduct interviews with youth groups of the subculture.<\/p>\n<p lang=\"de-DE\" align=\"JUSTIFY\">2. culture and history<\/p>\n<p lang=\"de-DE\" align=\"JUSTIFY\">The young people conduct interviews with people who work in museums, in the philharmonic hall etc. and visit various sights. They are to work out information material on these independently.<\/p>\n<p lang=\"de-DE\" align=\"JUSTIFY\">3. Music and dance<\/p>\n<p align=\"JUSTIFY\"><span lang=\"de-DE\">The group looks at what dance groups there are for young people in Vladimir or Jena and what opportunities there are for musical activity. They interview two dance groups and a young band. They also learn a dance together<\/span><span lang=\"en-US\"> or prepare a performance.<\/span><\/p>\n<p align=\"JUSTIFY\"><span lang=\"en-US\">4. <\/span><span lang=\"de-DE\">4. Organic<\/span><\/p>\n<p align=\"JUSTIFY\"><span lang=\"de-DE\">The young people visit an ecological centre to conduct interviews with staff and take care of the garden of the Euroklub<\/span><span lang=\"en-US\">s oder den internationalen Garten<\/span><span lang=\"de-DE\"> in Jena.<\/span><\/p>\n<p lang=\"de-DE\" align=\"JUSTIFY\"><b>Follow-up and sustainability<\/b><\/p>\n<p lang=\"de-DE\" align=\"JUSTIFY\">A follow-up meeting with the German young people will discuss how to publicise the youth exchange and the media created. Subsequently, events will take place at schools, youth centres or the Eurowerkstatt.<\/p>","protected":false},"excerpt":{"rendered":"<p>Mit der MixTour m\u00f6chten wir die Beziehungen zwischen den St\u00e4dten Jena und Wladimir auf der Ebene der Jugend verbessern und st\u00e4rken.<\/p>","protected":false},"author":1,"featured_media":1044,"parent":1114,"menu_order":1,"comment_status":"closed","ping_status":"closed","template":"page-templates\/grid-page.php","meta":{"give_campaign_id":0,"footnotes":""},"class_list":["post-1197","page","type-page","status-publish","has-post-thumbnail","hentry"],"campaignId":"","_links":{"self":[{"href":"https:\/\/eurowerkstatt-jena.de\/en\/wp-json\/wp\/v2\/pages\/1197","targetHints":{"allow":["GET"]}}],"collection":[{"href":"https:\/\/eurowerkstatt-jena.de\/en\/wp-json\/wp\/v2\/pages"}],"about":[{"href":"https:\/\/eurowerkstatt-jena.de\/en\/wp-json\/wp\/v2\/types\/page"}],"author":[{"embeddable":true,"href":"https:\/\/eurowerkstatt-jena.de\/en\/wp-json\/wp\/v2\/users\/1"}],"replies":[{"embeddable":true,"href":"https:\/\/eurowerkstatt-jena.de\/en\/wp-json\/wp\/v2\/comments?post=1197"}],"version-history":[{"count":3,"href":"https:\/\/eurowerkstatt-jena.de\/en\/wp-json\/wp\/v2\/pages\/1197\/revisions"}],"predecessor-version":[{"id":2529,"href":"https:\/\/eurowerkstatt-jena.de\/en\/wp-json\/wp\/v2\/pages\/1197\/revisions\/2529"}],"up":[{"embeddable":true,"href":"https:\/\/eurowerkstatt-jena.de\/en\/wp-json\/wp\/v2\/pages\/1114"}],"wp:featuredmedia":[{"embeddable":true,"href":"https:\/\/eurowerkstatt-jena.de\/en\/wp-json\/wp\/v2\/media\/1044"}],"wp:attachment":[{"href":"https:\/\/eurowerkstatt-jena.de\/en\/wp-json\/wp\/v2\/media?parent=1197"}],"curies":[{"name":"wp","href":"https:\/\/api.w.org\/{rel}","templated":true}]}}