{"id":1093,"date":"2017-09-21T19:02:02","date_gmt":"2017-09-21T17:02:02","guid":{"rendered":"http:\/\/eurowerkstatt-jena.de\/?page_id=1093"},"modified":"2020-10-01T14:24:12","modified_gmt":"2020-10-01T12:24:12","slug":"mitmachen","status":"publish","type":"page","link":"https:\/\/eurowerkstatt-jena.de\/en\/mitmachen\/","title":{"rendered":"Join us"},"content":{"rendered":"<p class=\"p1\">In our association there are different possibilities to get involved. The organization of international Youth Exchanges and a European Voluntary Service requires a lot of time at the computer with application, coordination, and accounting. Also, the placement of volunteers means a lot of work. Our full-time staff is always happy to receive motivated support! Just have a look at how you can join us as a volunteer, intern, or junior tutor. We are also open to completely new ideas<\/p>","protected":false},"excerpt":{"rendered":"<p>In unserem Verein gibt es unterschiedliche M\u00f6glichkeiten zum Mitmachen. Die Organisation internationaler Jugendbegegnungen und eines europ\u00e4ischen Freiwilligendienstes verlangt viel Zeit am Computer mit Antragstellung, Koordination und Abrechnung. Auch die Entsendung von Freiwilligen bedeutet viel Arbeit. Unsere hauptamtlichen Mitarbeiter*innen freuen sich daher immer \u00fcber motivierte Unterst\u00fctzung! St\u00f6bert einfach mal, wie ihr euch als ehrenamtliche*r Helfer*in, Praktikant*in &hellip; <a href=\"https:\/\/eurowerkstatt-jena.de\/en\/mitmachen\/\" class=\"more-link\">Continue reading<span class=\"screen-reader-text\"> &#8222;Mitmachen&#8220;<\/span><\/a><\/p>","protected":false},"author":1,"featured_media":0,"parent":0,"menu_order":0,"comment_status":"closed","ping_status":"closed","template":"page-templates\/grid-page.php","meta":{"give_campaign_id":0,"footnotes":""},"class_list":["post-1093","page","type-page","status-publish","hentry"],"campaignId":"","_links":{"self":[{"href":"https:\/\/eurowerkstatt-jena.de\/en\/wp-json\/wp\/v2\/pages\/1093","targetHints":{"allow":["GET"]}}],"collection":[{"href":"https:\/\/eurowerkstatt-jena.de\/en\/wp-json\/wp\/v2\/pages"}],"about":[{"href":"https:\/\/eurowerkstatt-jena.de\/en\/wp-json\/wp\/v2\/types\/page"}],"author":[{"embeddable":true,"href":"https:\/\/eurowerkstatt-jena.de\/en\/wp-json\/wp\/v2\/users\/1"}],"replies":[{"embeddable":true,"href":"https:\/\/eurowerkstatt-jena.de\/en\/wp-json\/wp\/v2\/comments?post=1093"}],"version-history":[{"count":6,"href":"https:\/\/eurowerkstatt-jena.de\/en\/wp-json\/wp\/v2\/pages\/1093\/revisions"}],"predecessor-version":[{"id":2641,"href":"https:\/\/eurowerkstatt-jena.de\/en\/wp-json\/wp\/v2\/pages\/1093\/revisions\/2641"}],"wp:attachment":[{"href":"https:\/\/eurowerkstatt-jena.de\/en\/wp-json\/wp\/v2\/media?parent=1093"}],"curies":[{"name":"wp","href":"https:\/\/api.w.org\/{rel}","templated":true}]}}