{"id":1090,"date":"2017-09-21T14:22:19","date_gmt":"2017-09-21T12:22:19","guid":{"rendered":"http:\/\/eurowerkstatt-jena.de\/?page_id=1090"},"modified":"2023-04-19T15:49:02","modified_gmt":"2023-04-19T13:49:02","slug":"impressum","status":"publish","type":"page","link":"https:\/\/eurowerkstatt-jena.de\/en\/impressum\/","title":{"rendered":"Legal notice"},"content":{"rendered":"<p class=\"p1\"><b>Eurowerkstatt Jena e.V.<\/b><\/p>\n<p class=\"p2\">L\u00f6bstedter Stra\u00dfe 17<br \/>\n07749 Jena<br \/>\nDeutschland<br \/>\nE-Mail: post@eurowerkstatt-jena.de<\/p>\n<p class=\"p2\"><b>Haftungshinweis:<\/b><\/p>\n<p class=\"p2\">Hinweis nach \u00a7 6 TDG<\/p>\n<p class=\"p2\">Die nachstehenden Informationen enthalten die gesetzlich vorgesehenen Pflichtangaben zur Anbieterkennzeichnung auf der Internetpr\u00e4senz von Eurowerkstatt Jena e.V.<\/p>\n<p class=\"p2\">Trotz sorgf\u00e4ltiger inhaltlicher Kontrolle \u00fcbernehmen wir keine Haftung f\u00fcr die Inhalte externer Links. F\u00fcr den Inhalt der verlinkten Seiten sind ausschlie\u00dflich deren Betreiber*innen verantwortlich.<\/p>\n<p class=\"p2\">Eurowerkstatt Jena e.V. ist im Vereinsregister des Amtsgerichts Jena unter der Registernummer VR 231206 eingetragen. Der Verein wird vertreten durch seinen <span style=\"font-weight: 400;\">Vorstand: Ivan Nizovtsev, Lucas Haftmann, Christian Rachow, Evgenii Zakharevich.<\/span><\/p>\n<p>Design: Bridgette Palman<\/p>\n<p class=\"p2\">","protected":false},"excerpt":{"rendered":"<p>Eurowerkstatt Jena e.V. L\u00f6bstedter Stra\u00dfe 17 07749 Jena Deutschland E-Mail: post@eurowerkstatt-jena.de Haftungshinweis: Hinweis nach \u00a7 6 TDG Die nachstehenden Informationen enthalten die gesetzlich vorgesehenen Pflichtangaben zur Anbieterkennzeichnung auf der Internetpr\u00e4senz von Eurowerkstatt Jena e.V. Trotz sorgf\u00e4ltiger inhaltlicher Kontrolle \u00fcbernehmen wir keine Haftung f\u00fcr die Inhalte externer Links. F\u00fcr den Inhalt der verlinkten Seiten sind ausschlie\u00dflich &hellip; <a href=\"https:\/\/eurowerkstatt-jena.de\/en\/impressum\/\" class=\"more-link\">Continue reading<span class=\"screen-reader-text\"> &#8222;Impressum&#8220;<\/span><\/a><\/p>","protected":false},"author":1,"featured_media":0,"parent":0,"menu_order":0,"comment_status":"closed","ping_status":"closed","template":"","meta":{"give_campaign_id":0,"footnotes":""},"class_list":["post-1090","page","type-page","status-publish","hentry"],"campaignId":"","_links":{"self":[{"href":"https:\/\/eurowerkstatt-jena.de\/en\/wp-json\/wp\/v2\/pages\/1090","targetHints":{"allow":["GET"]}}],"collection":[{"href":"https:\/\/eurowerkstatt-jena.de\/en\/wp-json\/wp\/v2\/pages"}],"about":[{"href":"https:\/\/eurowerkstatt-jena.de\/en\/wp-json\/wp\/v2\/types\/page"}],"author":[{"embeddable":true,"href":"https:\/\/eurowerkstatt-jena.de\/en\/wp-json\/wp\/v2\/users\/1"}],"replies":[{"embeddable":true,"href":"https:\/\/eurowerkstatt-jena.de\/en\/wp-json\/wp\/v2\/comments?post=1090"}],"version-history":[{"count":7,"href":"https:\/\/eurowerkstatt-jena.de\/en\/wp-json\/wp\/v2\/pages\/1090\/revisions"}],"predecessor-version":[{"id":3507,"href":"https:\/\/eurowerkstatt-jena.de\/en\/wp-json\/wp\/v2\/pages\/1090\/revisions\/3507"}],"wp:attachment":[{"href":"https:\/\/eurowerkstatt-jena.de\/en\/wp-json\/wp\/v2\/media?parent=1090"}],"curies":[{"name":"wp","href":"https:\/\/api.w.org\/{rel}","templated":true}]}}