{"id":1080,"date":"2017-09-21T13:58:57","date_gmt":"2017-09-21T11:58:57","guid":{"rendered":"http:\/\/eurowerkstatt-jena.de\/?page_id=1080"},"modified":"2018-12-20T16:37:54","modified_gmt":"2018-12-20T15:37:54","slug":"fotofestival","status":"publish","type":"page","link":"https:\/\/eurowerkstatt-jena.de\/en\/aktuelles\/activities\/fotofestival\/","title":{"rendered":"Fotofestival"},"content":{"rendered":"<p>Youth of Russia<br \/>\nIm November wird in Wladimir erneut das Fotofestival &#8222;Youth of Russia for Peace and Mutual Understanding&#8220; stattfinden. Gastgeber ist auch in diesem Jahr die Organisation \u201cDom Mira\u201d (zu deutsch \u201cHaus des Friedens\u201d), die vom Euroclub in der Organisation unterst\u00fctzt wird. Das Fotofestival bietet jungen Fotografen zwischen sieben und drei\u00dfig Jahren die M\u00f6glichkeit ihre Werke einer breiteren \u00d6ffentlichkeit zu pr\u00e4sentieren. In diesem Jahr sind, neben Jugendlichen aus ganz Russland, erstmals auch junge K\u00fcnstler aus Deutschland dazu aufgerufen, Bilder einzureichen und am Wettbewerb teilzunehmen. Ein Jury aus internationalen, bekannten K\u00fcnstlern wird die besten Werke ausw\u00e4hlen. Die Gewinnerbilder werden auf dem Fotofestival, das vom 1. bis 5. November stattfinden wird, ausgestellt. Au\u00dferdem werden sie im Katalog von \u201eDom Mira\u201c gedruckt werden. Dieser Katalog erscheint in allen 58 Abteilungen \u201eDom Mira\u201c\u00b4s in Russland und zwei in Kasachstan. Als besondere Aufmerksamkeit winkt zudem die Aussicht auf eine Ver\u00f6ffentlichung auf der Website der \u201eUnion of Photo Artists of the Russian Federation\u201c. Das diesj\u00e4hrige Oberthema f\u00fcr alle Fotos, die im Rahmen der Wettbewerbs eingereicht werden, ist \u201eThe National Aspect\u201c. Wer jetzt also Lust bekommen hat, in k\u00fcnstlerischen Wettstreit und vor allem Austausch mit anderen jungen Fotografen zu treten, und seine Fotografien \u00fcber Landesgrenzen hinweg, ver\u00f6ffentlicht zu sehen, kann seine Bilder noch bis zum 25. September per Mail an fotokonkyrs33@mail.ru,<a href=\"http:\/\/eurowerkstatt-jena.de\/en\/aktuelles\/aktuelles\/fotofestival\/20170830_103209\/#main\" rel=\"attachment wp-att-1081\"><img loading=\"lazy\" decoding=\"async\" class=\"alignnone size-large wp-image-1081\" src=\"http:\/\/eurowerkstatt-jena.de\/wp-content\/uploads\/2017\/09\/20170830_103209-768x1024.jpg\" alt=\"\" width=\"620\" height=\"827\" srcset=\"https:\/\/eurowerkstatt-jena.de\/wp-content\/uploads\/2017\/09\/20170830_103209-768x1024.jpg 768w, https:\/\/eurowerkstatt-jena.de\/wp-content\/uploads\/2017\/09\/20170830_103209-225x300.jpg 225w, https:\/\/eurowerkstatt-jena.de\/wp-content\/uploads\/2017\/09\/20170830_103209-285x380.jpg 285w\" sizes=\"auto, (max-width: 620px) 85vw, 620px\" \/><\/a><\/p>\n<p><a href=\"http:\/\/eurowerkstatt-jena.de\/en\/aktuelles\/aktuelles\/fotofestival\/20170830_103244\/#main\" rel=\"attachment wp-att-1082\"><img loading=\"lazy\" decoding=\"async\" class=\"alignnone size-large wp-image-1082\" src=\"http:\/\/eurowerkstatt-jena.de\/wp-content\/uploads\/2017\/09\/20170830_103244-1024x768.jpg\" alt=\"\" width=\"620\" height=\"465\" srcset=\"https:\/\/eurowerkstatt-jena.de\/wp-content\/uploads\/2017\/09\/20170830_103244-1024x768.jpg 1024w, https:\/\/eurowerkstatt-jena.de\/wp-content\/uploads\/2017\/09\/20170830_103244-300x225.jpg 300w, https:\/\/eurowerkstatt-jena.de\/wp-content\/uploads\/2017\/09\/20170830_103244-768x576.jpg 768w, https:\/\/eurowerkstatt-jena.de\/wp-content\/uploads\/2017\/09\/20170830_103244-507x380.jpg 507w\" sizes=\"auto, (max-width: 620px) 85vw, 620px\" \/><\/a> schicken.<\/p>","protected":false},"excerpt":{"rendered":"<p>Youth of Russia Im November wird in Wladimir erneut das Fotofestival &#8222;Youth of Russia for Peace and Mutual Understanding&#8220; stattfinden. Gastgeber ist auch in diesem Jahr die Organisation \u201cDom Mira\u201d (zu deutsch \u201cHaus des Friedens\u201d), die vom Euroclub in der Organisation unterst\u00fctzt wird. Das Fotofestival bietet jungen Fotografen zwischen sieben und drei\u00dfig Jahren die M\u00f6glichkeit &hellip; <a href=\"https:\/\/eurowerkstatt-jena.de\/en\/aktuelles\/activities\/fotofestival\/\" class=\"more-link\">Continue reading<span class=\"screen-reader-text\"> &#8222;Fotofestival&#8220;<\/span><\/a><\/p>","protected":false},"author":1,"featured_media":1082,"parent":46,"menu_order":8,"comment_status":"closed","ping_status":"closed","template":"page-templates\/grid-page.php","meta":{"give_campaign_id":0,"footnotes":""},"class_list":["post-1080","page","type-page","status-publish","has-post-thumbnail","hentry"],"campaignId":"","_links":{"self":[{"href":"https:\/\/eurowerkstatt-jena.de\/en\/wp-json\/wp\/v2\/pages\/1080","targetHints":{"allow":["GET"]}}],"collection":[{"href":"https:\/\/eurowerkstatt-jena.de\/en\/wp-json\/wp\/v2\/pages"}],"about":[{"href":"https:\/\/eurowerkstatt-jena.de\/en\/wp-json\/wp\/v2\/types\/page"}],"author":[{"embeddable":true,"href":"https:\/\/eurowerkstatt-jena.de\/en\/wp-json\/wp\/v2\/users\/1"}],"replies":[{"embeddable":true,"href":"https:\/\/eurowerkstatt-jena.de\/en\/wp-json\/wp\/v2\/comments?post=1080"}],"version-history":[{"count":2,"href":"https:\/\/eurowerkstatt-jena.de\/en\/wp-json\/wp\/v2\/pages\/1080\/revisions"}],"predecessor-version":[{"id":1084,"href":"https:\/\/eurowerkstatt-jena.de\/en\/wp-json\/wp\/v2\/pages\/1080\/revisions\/1084"}],"up":[{"embeddable":true,"href":"https:\/\/eurowerkstatt-jena.de\/en\/wp-json\/wp\/v2\/pages\/46"}],"wp:featuredmedia":[{"embeddable":true,"href":"https:\/\/eurowerkstatt-jena.de\/en\/wp-json\/wp\/v2\/media\/1082"}],"wp:attachment":[{"href":"https:\/\/eurowerkstatt-jena.de\/en\/wp-json\/wp\/v2\/media?parent=1080"}],"curies":[{"name":"wp","href":"https:\/\/api.w.org\/{rel}","templated":true}]}}