{"id":1059,"date":"2017-07-11T15:20:17","date_gmt":"2017-07-11T13:20:17","guid":{"rendered":"http:\/\/eurowerkstatt-jena.de\/?page_id=1059"},"modified":"2020-03-29T17:19:56","modified_gmt":"2020-03-29T15:19:56","slug":"evs-jena-do-your-best","status":"publish","type":"page","link":"https:\/\/eurowerkstatt-jena.de\/en\/aktuelles\/media\/evs-jena-do-your-best\/","title":{"rendered":"Do Your Best"},"content":{"rendered":"<p><iframe loading=\"lazy\" title=\"EVS-Jena - Do Your Best\" width=\"840\" height=\"473\" src=\"https:\/\/www.youtube.com\/embed\/0opw4Yrd8vY?start=1&#038;feature=oembed\" frameborder=\"0\" allow=\"accelerometer; autoplay; clipboard-write; encrypted-media; gyroscope; picture-in-picture; web-share\" allowfullscreen><\/iframe><\/p>\n<p><strong>Lipdub video made by EVS-volunteers 2012-2013 in Jena, <\/strong><br \/>\nZsuzsanna Szab\u00f3 (Hungary), Andrea Baccomo (Italy), Lucia \u0160kutkov\u00e0 (Slovakia), Baiba Gavare (Latvia), Aitana Villanova (Spain), Mikhail Chistopolov (Russia), Kateryna Kovalenko (Ukraine), Ana Diaz (Spain), Gala Sendra (Spain)<br \/>\n<strong>Video produced by<\/strong> Julian Klauke and Sylvia Mageri (Germany)<br \/>\n<strong>Choreography by<\/strong> Roxana Riege<br \/>\n<strong>The song produced by<\/strong>: Susi Macioszczyk (Germany) &#8211; singing<br \/>\nMartin von Knarsn (Germany) &#8211; singing, programming, mixing and mastering<br \/>\nWesley Pressler (Germany) &#8211; bass<br \/>\nMikhail Chistopolov (Russia) &#8211; music, lyrics, singing, guitars, programming, mixing and mastering<\/p>","protected":false},"excerpt":{"rendered":"<p>Der erste Lipdub, getextest, komponiert und einstudiert von unseren Freiwilligen<\/p>","protected":false},"author":1,"featured_media":1060,"parent":953,"menu_order":5,"comment_status":"closed","ping_status":"closed","template":"page-templates\/grid-page.php","meta":{"give_campaign_id":0,"footnotes":""},"class_list":["post-1059","page","type-page","status-publish","has-post-thumbnail","hentry"],"campaignId":"","_links":{"self":[{"href":"https:\/\/eurowerkstatt-jena.de\/en\/wp-json\/wp\/v2\/pages\/1059","targetHints":{"allow":["GET"]}}],"collection":[{"href":"https:\/\/eurowerkstatt-jena.de\/en\/wp-json\/wp\/v2\/pages"}],"about":[{"href":"https:\/\/eurowerkstatt-jena.de\/en\/wp-json\/wp\/v2\/types\/page"}],"author":[{"embeddable":true,"href":"https:\/\/eurowerkstatt-jena.de\/en\/wp-json\/wp\/v2\/users\/1"}],"replies":[{"embeddable":true,"href":"https:\/\/eurowerkstatt-jena.de\/en\/wp-json\/wp\/v2\/comments?post=1059"}],"version-history":[{"count":2,"href":"https:\/\/eurowerkstatt-jena.de\/en\/wp-json\/wp\/v2\/pages\/1059\/revisions"}],"predecessor-version":[{"id":2208,"href":"https:\/\/eurowerkstatt-jena.de\/en\/wp-json\/wp\/v2\/pages\/1059\/revisions\/2208"}],"up":[{"embeddable":true,"href":"https:\/\/eurowerkstatt-jena.de\/en\/wp-json\/wp\/v2\/pages\/953"}],"wp:featuredmedia":[{"embeddable":true,"href":"https:\/\/eurowerkstatt-jena.de\/en\/wp-json\/wp\/v2\/media\/1060"}],"wp:attachment":[{"href":"https:\/\/eurowerkstatt-jena.de\/en\/wp-json\/wp\/v2\/media?parent=1059"}],"curies":[{"name":"wp","href":"https:\/\/api.w.org\/{rel}","templated":true}]}}